{"id":1254,"date":"2017-05-17T15:05:38","date_gmt":"2017-05-17T13:05:38","guid":{"rendered":"http:\/\/zfbweb.zfb.fuw.edu.pl\/?page_id=1254"},"modified":"2026-02-04T11:56:31","modified_gmt":"2026-02-04T10:56:31","slug":"piotr_durka","status":"publish","type":"page","link":"https:\/\/zfbweb.zfb.fuw.edu.pl\/index.php\/people-2\/piotr_durka\/","title":{"rendered":"Piotr Durka"},"content":{"rendered":"<div class=\"wpb-content-wrapper\"><p>[vc_row css_animation=&#8221;fadeIn&#8221;][vc_column css_animation=&#8221;fadeIn&#8221; width=&#8221;1\/3&#8243;][vc_single_image image=&#8221;1610&#8243; img_size=&#8221;large&#8221; alignment=&#8221;center&#8221; onclick=&#8221;link_image&#8221; css_animation=&#8221;none&#8221;]<div class=\"get_in_touch\" ><div class=\"get_in_touch_wrapper\"><ul><li class=\"address\"><span class=\"icon\"><i class=\"icon-location\" aria-label=\"address\"><\/i><\/span><span class=\"address_wrapper\">room 4.69, 5 Pasteur Street, Warsaw<\/span><\/li><li class=\"phone phone-1\"><span class=\"icon\"><i class=\"icon-phone\" aria-label=\"phone\"><\/i><\/span><p><a href=\"tel:+48225532869\">+48 22 55 32 869<\/a><\/p><\/li><li class=\"mail\"><span class=\"icon\"><i class=\"icon-mail\" aria-label=\"mail\"><\/i><\/span><p><a href=\"mailto:durka@fuw.edu.pl\">durka@fuw.edu.pl<\/a><\/p><\/li><li class=\"www\"><span class=\"icon\"><i class=\"icon-link\"><\/i><\/span><p><a target=\"_blank\" href=\"http:\/\/durka.info\">durka.info<\/a><\/p><\/li><\/ul><\/div><\/div>\n[\/vc_column][vc_column css_animation=&#8221;none&#8221; width=&#8221;5\/12&#8243;][vc_column_text css_animation=&#8221;none&#8221; css=&#8221;.vc_custom_1495026115186{margin-bottom: 0px !important;padding-bottom: 0px !important;}&#8221;]<\/p>\n<h3 style=\"padding: 0; margin: 0;\"><strong>Piotr\u00a0DURKA<\/strong><\/h3>\n<p><strong>Prof.,\u00a0Neuroinformatics<\/strong>[\/vc_column_text][vc_separator color=&#8221;blue&#8221; align=&#8221;align_left&#8221; el_width=&#8221;30&#8243; css_animation=&#8221;none&#8221; css=&#8221;.vc_custom_1494490089269{margin-top: 10px !important;margin-bottom: 10px !important;}&#8221;][vc_column_text css_animation=&#8221;none&#8221; css=&#8221;.vc_custom_1770202544539{margin-top: 0px !important;margin-bottom: 0px !important;padding-top: 0px !important;padding-bottom: 0px !important;}&#8221;]<\/p>\n<div class=\"page\" title=\"Page 1\">\n<div class=\"layoutArea\">\n<div class=\"column\">\n<p>Pioneer of Polish BCI (first <a href=\"https:\/\/www.fuw.edu.pl\/~durka\/BCI_pokaz_2008.webm\">public demo in 2008<\/a>), initiator and coordinator of world&#8217;s first Ist degree neuroinformatics curriculum (FUW, 2009), leading projects on <a href=\"https:\/\/www.klinikabudzik.pl\/pl\/badania-eeg \">EEG and actigraphy in disorders of consciousness<\/a> and <a href=\"https:\/\/fundusze-eu.patpol.pl\">machine translation<\/a>. Lectures on <a href=\"https:\/\/brain.fuw.edu.pl\/edu\/index.php\/Technologie_informacyjne_i_komunikacyjne\">IT<\/a>, <a href=\"https:\/\/brain.fuw.edu.pl\/edu\/index.php\/Wnioskowanie_Statystyczne_-_wyk\u0142ad\">statistics <\/a> and <a href=\"https:\/\/brain.fuw.edu.pl\/edu\/index.php\/Analiza_sygna\u0142\u00f3w_-_wyk\u0142ad\">signal processing<\/a>. Further info, interviews and list of books and papers at <a href=\"http:\/\/durka.info\">durka.info<\/a>.<\/p>\n<\/div>\n<p>&nbsp;<\/p>\n<div class=\"column\">\n<p>&nbsp;<\/p>\n<p>Ongoing projects:<\/p>\n<\/div>\n<\/div>\n<\/div>\n<p>[\/vc_column_text][vc_basic_grid post_type=&#8221;portfolio&#8221; max_items=&#8221;-1&#8243; element_width=&#8221;12&#8243; gap=&#8221;5&#8243; item=&#8221;1058&#8243; grid_id=&#8221;vc_gid:1770202499403-ebe0698d29509a2bb7d98becaf212e57-8&#8243; taxonomies=&#8221;39&#8243;][\/vc_column][vc_column width=&#8221;1\/4&#8243;]<div class=\"list_item lists_1 clearfix\"><a href=\"https:\/\/scholar.google.pl\/citations?user=iDAVBGMAAAAJ\" target=\"_blank\"><div class=\"list_left list_icon\"><i class=\"icon-doc-line\" aria-hidden=\"true\"><\/i><\/div><div class=\"list_right\"><h4 class=\"title\">Google Scholar<\/h4><div class=\"desc\"><\/div><\/div><\/a><\/div>\n<div class=\"list_item lists_1 clearfix\"><a href=\"https:\/\/www.ncbi.nlm.nih.gov\/pubmed\/?term=Durka+P%5BAuthor%5D\" ><div class=\"list_left list_icon\"><i class=\"icon-doc-line\" aria-hidden=\"true\"><\/i><\/div><div class=\"list_right\"><h4 class=\"title\">PubMed<\/h4><div class=\"desc\"><\/div><\/div><\/a><\/div>\n<div class=\"list_item lists_1 clearfix\"><a href=\"https:\/\/pbn.nauka.gov.pl\/core\/#\/person\/view\/5e709356878c28a0473a792c\/current\" ><div class=\"list_left list_icon\"><i class=\"icon-doc-line\" aria-hidden=\"true\"><\/i><\/div><div class=\"list_right\"><h4 class=\"title\">PBN<\/h4><div class=\"desc\"><\/div><\/div><\/a><\/div>\n<div class=\"list_item lists_1 clearfix\"><a href=\"https:\/\/usosweb.fuw.edu.pl\/kontroler.php?_action=katalog2\/osoby\/pokazOsobe&#038;os_id=2871\" ><div class=\"list_left list_icon\"><i class=\"icon-book\" aria-hidden=\"true\"><\/i><\/div><div class=\"list_right\"><h4 class=\"title\">USOSweb<\/h4><div class=\"desc\"><\/div><\/div><\/a><\/div>\n<div class=\"blockquote\"><blockquote class=\"mfn-inline-editor\">Cargo Cult Science<\/blockquote><p class=\"author\"><i class=\"icon-user\" aria-label=\"author\"><\/i><a href=\" https:\/\/calteches.library.caltech.edu\/51\/2\/CargoCult.htm\" >Richard Feynmann<\/a><\/p><\/div>\n[\/vc_column][\/vc_row][vc_row][vc_column][\/vc_column][\/vc_row]<\/p>\n<\/div>","protected":false},"excerpt":{"rendered":"<p>[vc_row css_animation=&#8221;fadeIn&#8221;][vc_column css_animation=&#8221;fadeIn&#8221; width=&#8221;1\/3&#8243;][vc_single_image image=&#8221;1610&#8243; img_size=&#8221;large&#8221; alignment=&#8221;center&#8221; onclick=&#8221;link_image&#8221; css_animation=&#8221;none&#8221;][\/vc_column][vc_column css_animation=&#8221;none&#8221; width=&#8221;5\/12&#8243;][vc_column_text css_animation=&#8221;none&#8221; css=&#8221;.vc_custom_1495026115186{margin-bottom: 0px !important;padding-bottom: 0px !important;}&#8221;] Piotr\u00a0DURKA Prof.,\u00a0Neuroinformatics[\/vc_column_text][vc_separator color=&#8221;blue&#8221; align=&#8221;align_left&#8221; el_width=&#8221;30&#8243; css_animation=&#8221;none&#8221; css=&#8221;.vc_custom_1494490089269{margin-top: 10px !important;margin-bottom: 10px !important;}&#8221;][vc_column_text css_animation=&#8221;none&#8221; css=&#8221;.vc_custom_1770202544539{margin-top: 0px !important;margin-bottom: 0px !important;padding-top: 0px !important;padding-bottom: 0px !important;}&#8221;] Pioneer of<span class=\"excerpt-hellip\"> [\u2026]<\/span><\/p>\n","protected":false},"author":3,"featured_media":0,"parent":6,"menu_order":0,"comment_status":"closed","ping_status":"closed","template":"","meta":{"om_disable_all_campaigns":false,"_monsterinsights_skip_tracking":false,"_monsterinsights_sitenote_active":false,"_monsterinsights_sitenote_note":"","_monsterinsights_sitenote_category":0,"footnotes":""},"categories":[],"tags":[],"class_list":["post-1254","page","type-page","status-publish","hentry"],"aioseo_notices":[],"_links":{"self":[{"href":"https:\/\/zfbweb.zfb.fuw.edu.pl\/index.php\/wp-json\/wp\/v2\/pages\/1254","targetHints":{"allow":["GET"]}}],"collection":[{"href":"https:\/\/zfbweb.zfb.fuw.edu.pl\/index.php\/wp-json\/wp\/v2\/pages"}],"about":[{"href":"https:\/\/zfbweb.zfb.fuw.edu.pl\/index.php\/wp-json\/wp\/v2\/types\/page"}],"author":[{"embeddable":true,"href":"https:\/\/zfbweb.zfb.fuw.edu.pl\/index.php\/wp-json\/wp\/v2\/users\/3"}],"replies":[{"embeddable":true,"href":"https:\/\/zfbweb.zfb.fuw.edu.pl\/index.php\/wp-json\/wp\/v2\/comments?post=1254"}],"version-history":[{"count":18,"href":"https:\/\/zfbweb.zfb.fuw.edu.pl\/index.php\/wp-json\/wp\/v2\/pages\/1254\/revisions"}],"predecessor-version":[{"id":3343,"href":"https:\/\/zfbweb.zfb.fuw.edu.pl\/index.php\/wp-json\/wp\/v2\/pages\/1254\/revisions\/3343"}],"up":[{"embeddable":true,"href":"https:\/\/zfbweb.zfb.fuw.edu.pl\/index.php\/wp-json\/wp\/v2\/pages\/6"}],"wp:attachment":[{"href":"https:\/\/zfbweb.zfb.fuw.edu.pl\/index.php\/wp-json\/wp\/v2\/media?parent=1254"}],"wp:term":[{"taxonomy":"category","embeddable":true,"href":"https:\/\/zfbweb.zfb.fuw.edu.pl\/index.php\/wp-json\/wp\/v2\/categories?post=1254"},{"taxonomy":"post_tag","embeddable":true,"href":"https:\/\/zfbweb.zfb.fuw.edu.pl\/index.php\/wp-json\/wp\/v2\/tags?post=1254"}],"curies":[{"name":"wp","href":"https:\/\/api.w.org\/{rel}","templated":true}]}}