{"id":1257,"date":"2017-05-17T15:12:42","date_gmt":"2017-05-17T13:12:42","guid":{"rendered":"http:\/\/zfbweb.zfb.fuw.edu.pl\/?page_id=1257"},"modified":"2025-01-13T17:01:49","modified_gmt":"2025-01-13T16:01:49","slug":"piotr-rozanski","status":"publish","type":"page","link":"https:\/\/zfbweb.zfb.fuw.edu.pl\/index.php\/people-2\/piotr-rozanski\/","title":{"rendered":"Piotr R\u00f3\u017ca\u0144ski"},"content":{"rendered":"<div class=\"wpb-content-wrapper\"><p>[vc_row css_animation=&#8221;fadeIn&#8221;][vc_column css_animation=&#8221;fadeIn&#8221; width=&#8221;1\/3&#8243;][vc_single_image image=&#8221;1605&#8243; img_size=&#8221;large&#8221; alignment=&#8221;center&#8221; onclick=&#8221;link_image&#8221; css_animation=&#8221;none&#8221;]<div class=\"get_in_touch\" ><div class=\"get_in_touch_wrapper\"><ul><li class=\"mail\"><span class=\"icon\"><i class=\"icon-mail\" aria-label=\"mail\"><\/i><\/span><p><a href=\"mailto:prozanski@fuw.edu.pl\">prozanski@fuw.edu.pl<\/a><\/p><\/li><li class=\"www\"><span class=\"icon\"><i class=\"icon-link\"><\/i><\/span><p><a target=\"_blank\" href=\"https:\/\/rozan.ski\">rozan.ski<\/a><\/p><\/li><\/ul><\/div><\/div>\n[\/vc_column][vc_column css_animation=&#8221;none&#8221; width=&#8221;5\/12&#8243;][vc_column_text css_animation=&#8221;none&#8221; css=&#8221;.vc_custom_1736784088242{margin-bottom: 0px !important;padding-bottom: 0px !important;}&#8221;]<\/p>\n<h3 style=\"padding: 0; margin: 0;\"><strong>Piotr\u00a0R\u00d3\u017bA\u0143SKI<\/strong><\/h3>\n<p><strong>PhD, Neuroinformatics<\/strong>[\/vc_column_text][vc_separator color=&#8221;blue&#8221; align=&#8221;align_left&#8221; el_width=&#8221;30&#8243; css_animation=&#8221;none&#8221; css=&#8221;.vc_custom_1494490089269{margin-top: 10px !important;margin-bottom: 10px !important;}&#8221;][vc_column_text css_animation=&#8221;none&#8221; css=&#8221;.vc_custom_1736784103347{margin-top: 0px !important;margin-bottom: 0px !important;padding-top: 0px !important;padding-bottom: 0px !important;}&#8221;]<\/p>\n<div class=\"page\" title=\"Page 1\">\n<div class=\"layoutArea\">\n<div class=\"column\">\n<p>Astronomy and computer science graduate from Nicolaus Copernicus University in Toru\u0144. Currently, an interdisciplinary PhD student (MISDoMP) at the University of Warsaw, supervised by prof. Piotr Durka (FUW) and prof. Krzysztof Stencel (MIMUW). Interested in novel signal analysis methods and machine learning applications to EEG analysis, with emphasis on ER(D)S (Event-Related (De-)Synchronization) paradigm.<\/p>\n<p>&nbsp;<\/p>\n<p>Worked on projects:<\/p>\n<\/div>\n<\/div>\n<\/div>\n<p>[\/vc_column_text][vc_basic_grid post_type=&#8221;portfolio&#8221; max_items=&#8221;-1&#8243; element_width=&#8221;12&#8243; gap=&#8221;5&#8243; item=&#8221;1058&#8243; grid_id=&#8221;vc_gid:1736784066595-069a8acc-f3cd-3&#8243; taxonomies=&#8221;44&#8243;][\/vc_column][vc_column width=&#8221;1\/4&#8243;]<div class=\"list_item lists_1 clearfix\"><a href=\"https:\/\/www.researchgate.net\/profile\/Piotr_Rozanski\" ><div class=\"list_left list_icon\"><i class=\"icon-doc-line\" aria-hidden=\"true\"><\/i><\/div><div class=\"list_right\"><h4 class=\"title\">Research Gate<\/h4><div class=\"desc\"><\/div><\/div><\/a><\/div>\n<div class=\"list_item lists_1 clearfix\"><div class=\"list_left list_icon\"><i class=\"icon-book\" aria-hidden=\"true\"><\/i><\/div><div class=\"list_right\"><h4 class=\"title\">USOSweb<\/h4><div class=\"desc\"><\/div><\/div><\/div>\n<div class=\"blockquote\"><blockquote class=\"mfn-inline-editor\"><\/blockquote><\/div>\n[\/vc_column][\/vc_row][vc_row][vc_column][\/vc_column][\/vc_row]<\/p>\n<\/div>","protected":false},"excerpt":{"rendered":"<p>[vc_row css_animation=&#8221;fadeIn&#8221;][vc_column css_animation=&#8221;fadeIn&#8221; width=&#8221;1\/3&#8243;][vc_single_image image=&#8221;1605&#8243; img_size=&#8221;large&#8221; alignment=&#8221;center&#8221; onclick=&#8221;link_image&#8221; css_animation=&#8221;none&#8221;][\/vc_column][vc_column css_animation=&#8221;none&#8221; width=&#8221;5\/12&#8243;][vc_column_text css_animation=&#8221;none&#8221; css=&#8221;.vc_custom_1736784088242{margin-bottom: 0px !important;padding-bottom: 0px !important;}&#8221;] Piotr\u00a0R\u00d3\u017bA\u0143SKI PhD, Neuroinformatics[\/vc_column_text][vc_separator color=&#8221;blue&#8221; align=&#8221;align_left&#8221; el_width=&#8221;30&#8243; css_animation=&#8221;none&#8221; css=&#8221;.vc_custom_1494490089269{margin-top: 10px !important;margin-bottom: 10px !important;}&#8221;][vc_column_text css_animation=&#8221;none&#8221; css=&#8221;.vc_custom_1736784103347{margin-top: 0px !important;margin-bottom: 0px !important;padding-top: 0px !important;padding-bottom: 0px !important;}&#8221;] Astronomy<span class=\"excerpt-hellip\"> [\u2026]<\/span><\/p>\n","protected":false},"author":3,"featured_media":0,"parent":6,"menu_order":0,"comment_status":"closed","ping_status":"closed","template":"","meta":{"om_disable_all_campaigns":false,"_monsterinsights_skip_tracking":false,"_monsterinsights_sitenote_active":false,"_monsterinsights_sitenote_note":"","_monsterinsights_sitenote_category":0,"footnotes":""},"categories":[],"tags":[],"class_list":["post-1257","page","type-page","status-publish","hentry"],"aioseo_notices":[],"_links":{"self":[{"href":"https:\/\/zfbweb.zfb.fuw.edu.pl\/index.php\/wp-json\/wp\/v2\/pages\/1257","targetHints":{"allow":["GET"]}}],"collection":[{"href":"https:\/\/zfbweb.zfb.fuw.edu.pl\/index.php\/wp-json\/wp\/v2\/pages"}],"about":[{"href":"https:\/\/zfbweb.zfb.fuw.edu.pl\/index.php\/wp-json\/wp\/v2\/types\/page"}],"author":[{"embeddable":true,"href":"https:\/\/zfbweb.zfb.fuw.edu.pl\/index.php\/wp-json\/wp\/v2\/users\/3"}],"replies":[{"embeddable":true,"href":"https:\/\/zfbweb.zfb.fuw.edu.pl\/index.php\/wp-json\/wp\/v2\/comments?post=1257"}],"version-history":[{"count":7,"href":"https:\/\/zfbweb.zfb.fuw.edu.pl\/index.php\/wp-json\/wp\/v2\/pages\/1257\/revisions"}],"predecessor-version":[{"id":3095,"href":"https:\/\/zfbweb.zfb.fuw.edu.pl\/index.php\/wp-json\/wp\/v2\/pages\/1257\/revisions\/3095"}],"up":[{"embeddable":true,"href":"https:\/\/zfbweb.zfb.fuw.edu.pl\/index.php\/wp-json\/wp\/v2\/pages\/6"}],"wp:attachment":[{"href":"https:\/\/zfbweb.zfb.fuw.edu.pl\/index.php\/wp-json\/wp\/v2\/media?parent=1257"}],"wp:term":[{"taxonomy":"category","embeddable":true,"href":"https:\/\/zfbweb.zfb.fuw.edu.pl\/index.php\/wp-json\/wp\/v2\/categories?post=1257"},{"taxonomy":"post_tag","embeddable":true,"href":"https:\/\/zfbweb.zfb.fuw.edu.pl\/index.php\/wp-json\/wp\/v2\/tags?post=1257"}],"curies":[{"name":"wp","href":"https:\/\/api.w.org\/{rel}","templated":true}]}}