{"id":2,"date":"2017-03-23T23:34:51","date_gmt":"2017-03-23T22:34:51","guid":{"rendered":"http:\/\/10.11.2.198\/?page_id=2"},"modified":"2026-04-20T14:28:39","modified_gmt":"2026-04-20T12:28:39","slug":"home","status":"publish","type":"page","link":"https:\/\/zfbweb.zfb.fuw.edu.pl\/","title":{"rendered":"Home"},"content":{"rendered":"<div class=\"wpb-content-wrapper\"><p>[vc_row][vc_column][vc_tta_tabs][vc_tta_section title=&#8221;News&#8221; tab_id=&#8221;news&#8221;]<div class=\"Latest_news \"><ul class=\"ul-first\"><li class=\"post-3509 post type-post status-publish format-standard hentry category-articles category-news\"><div class=\"photo\"><a href=\"https:\/\/zfbweb.zfb.fuw.edu.pl\/index.php\/2026\/04\/20\/jak-dziala-program-makschroms\/\"><\/a><\/div><div class=\"desc\"><h5><a href=\"https:\/\/zfbweb.zfb.fuw.edu.pl\/index.php\/2026\/04\/20\/jak-dziala-program-makschroms\/\">PL || Quick diagnosis of radiation effects. How does the MaksChroms program work? || Szybka diagnoza skutk\u00f3w promieniowania. Jak dzia\u0142a program MaksChroms?<\/a><\/h5><div class=\"desc_footer\"><span class=\"date\"><i class=\"icon-clock\" aria-label=\"published\"><\/i> 2026-04-20<\/span><div class=\"button-love\"><\/div><\/div><div class=\"post-excerpt\">Image from article MaksChroms: An open-source CNN-based tool for dose prediction based on dicentric chromosome assay Szybka diagnoza skutk\u00f3w promieniowania. Jak dzia\u0142a program MaksChroms? Read on website (in Polish): https:\/\/www.fuw.edu.pl\/aktualnosci-all\/news10067.html Article: Maksymilian G\u0142owacki, Martin Bucher, David Endesfelder, Maria Szo\u0142a, Adrianna<span class=\"excerpt-hellip\"> [\u2026]<\/span><\/div><\/div><\/li><li class=\"post-3497 post type-post status-publish format-standard hentry category-articles category-news\"><div class=\"photo\"><a href=\"https:\/\/zfbweb.zfb.fuw.edu.pl\/index.php\/2026\/04\/08\/the-integrated-information-%cf%86-of-an-integrate-and-fire-network\/\"><\/a><\/div><div class=\"desc\"><h5><a href=\"https:\/\/zfbweb.zfb.fuw.edu.pl\/index.php\/2026\/04\/08\/the-integrated-information-%cf%86-of-an-integrate-and-fire-network\/\">The integrated information \u03a6 of an integrate and fire network<\/a><\/h5><div class=\"desc_footer\"><span class=\"date\"><i class=\"icon-clock\" aria-label=\"published\"><\/i> 2026-04-08<\/span><div class=\"button-love\"><\/div><\/div><div class=\"post-excerpt\">Mi\u0142osz Danilczuk, Marek Pokropski, Piotr Suffczy\u0144ski Can the amount of consciousness be computed? The answer is \u2018Yes\u2019.\u00a0According to Integrated Information Theory, consciousness corresponds to\u00a0a system&#8217;s capacity to integrate information, which can be quantified by\u00a0a quantity called \u03a6. For the first<span class=\"excerpt-hellip\"> [\u2026]<\/span><\/div><\/div><\/li><li class=\"post-3478 post type-post status-publish format-standard hentry category-job-offers category-news\"><div class=\"photo\"><a href=\"https:\/\/zfbweb.zfb.fuw.edu.pl\/index.php\/2026\/03\/23\/zespolowy-projekt-studencki-kalibracja-mikroskopu-fluorescencyjnego\/\"><\/a><\/div><div class=\"desc\"><h5><a href=\"https:\/\/zfbweb.zfb.fuw.edu.pl\/index.php\/2026\/03\/23\/zespolowy-projekt-studencki-kalibracja-mikroskopu-fluorescencyjnego\/\">Zespo\u0142owy projekt studencki! &#8211; Kalibracja mikroskopu fluorescencyjnego<\/a><\/h5><div class=\"desc_footer\"><span class=\"date\"><i class=\"icon-clock\" aria-label=\"published\"><\/i> 2026-03-23<\/span><div class=\"button-love\"><\/div><\/div><div class=\"post-excerpt\">Serdecznie zapraszamy do wzi\u0119cia udzia\u0142u w naszym zespo\u0142owym projekcie studenckim!  Projekt ma na celu skalibrowanie mikroskopu fluorescencyjnego oraz\u00a0zapoznanie student\u00f3w z podstawowymi zasadami kalibracji uk\u0142adu\u00a0optycznego i skali obrazu cyfrowego [..]<\/div><\/div><\/li><li class=\"post-3433 post type-post status-publish format-standard hentry category-articles category-news\"><div class=\"photo\"><a href=\"https:\/\/zfbweb.zfb.fuw.edu.pl\/index.php\/2026\/03\/05\/study-of-ion-detection-efficiency-in-jet-counter-nanodosimeter\/\"><\/a><\/div><div class=\"desc\"><h5><a href=\"https:\/\/zfbweb.zfb.fuw.edu.pl\/index.php\/2026\/03\/05\/study-of-ion-detection-efficiency-in-jet-counter-nanodosimeter\/\">Article &#8211; Study of ion detection efficiency in Jet Counter nanodosimeter\u00a0<\/a><\/h5><div class=\"desc_footer\"><span class=\"date\"><i class=\"icon-clock\" aria-label=\"published\"><\/i> 2026-03-05<\/span><div class=\"button-love\"><\/div><\/div><div class=\"post-excerpt\">Authors: Mateusz Filipek, Aleksandr Bancer, Beata Brzozowska, Zygmunt Szefli\u0144ski, Marcin Pietrzak EPJ Techn Instrum\u00a013, 2 (2026), DOI: 10.1140\/epjti\/s40485-025-00119-1<\/div><\/div><\/li><li class=\"post-3429 post type-post status-publish format-standard hentry category-articles category-news\"><div class=\"photo\"><a href=\"https:\/\/zfbweb.zfb.fuw.edu.pl\/index.php\/2026\/03\/04\/article-makschroms-an-open-source-cnn-based-tool-for-dose-prediction-based-on-dicentric-chromosome-assay\/\"><\/a><\/div><div class=\"desc\"><h5><a href=\"https:\/\/zfbweb.zfb.fuw.edu.pl\/index.php\/2026\/03\/04\/article-makschroms-an-open-source-cnn-based-tool-for-dose-prediction-based-on-dicentric-chromosome-assay\/\">Article &#8211; MaksChroms: An open-source CNN-based tool for dose prediction based on dicentric chromosome assay<\/a><\/h5><div class=\"desc_footer\"><span class=\"date\"><i class=\"icon-clock\" aria-label=\"published\"><\/i> 2026-03-04<\/span><div class=\"button-love\"><\/div><\/div><div class=\"post-excerpt\">Authors: Maksymilian G\u0142owacki, Martin Bucher, David Endesfelder, Maria Szo\u0142a, Adrianna Tartas, Yohei Fujishima, Ursula Oestreicher, Maria Kowalska, Pawe\u0142 Kotowski, Jan Borkowski, Beata Pszcz\u00f3\u0142kowska-K\u0119pa, J\u00f3zef Ginter, Andrzej W\u00f3jcik, Beata Brzozowska Radiation Physics and Chemistry, Volume 239, 2026, DOI: https:\/\/doi.org\/10.1016\/j.radphyschem.2025.113329<\/div><\/div><\/li><li class=\"post-3383 post type-post status-publish format-standard hentry category-conferences category-news\"><div class=\"photo\"><a href=\"https:\/\/zfbweb.zfb.fuw.edu.pl\/index.php\/2026\/02\/26\/brainhack-warsaw\/\"><\/a><\/div><div class=\"desc\"><h5><a href=\"https:\/\/zfbweb.zfb.fuw.edu.pl\/index.php\/2026\/02\/26\/brainhack-warsaw\/\">Brainhack Warsaw &#8211; 8th\u00a0edition || 17-19.04.2026\u00a0<\/a><\/h5><div class=\"desc_footer\"><span class=\"date\"><i class=\"icon-clock\" aria-label=\"published\"><\/i> 2026-02-26<\/span><div class=\"button-love\"><\/div><\/div><div class=\"post-excerpt\">In the middle of the&nbsp;April&nbsp;2026, Brainhack Warsaw&nbsp;returns with its&nbsp;8th&nbsp;edition&nbsp;\u2014 a unique, three-day fusion of neuroscience, technology, and innovation. Hosted by the&nbsp;Neuroinformatics Student Association&nbsp;at the Faculty of Physics, University of Warsaw, this event brings together students, PhD candidates, and early-career researchers<span class=\"excerpt-hellip\"> [\u2026]<\/span><\/div><\/div><\/li><li class=\"post-3060 post type-post status-publish format-standard hentry category-conferences category-news\"><div class=\"photo\"><a href=\"https:\/\/zfbweb.zfb.fuw.edu.pl\/index.php\/2026\/02\/24\/join-us-for-the-1th-ieee\/\"><\/a><\/div><div class=\"desc\"><h5><a href=\"https:\/\/zfbweb.zfb.fuw.edu.pl\/index.php\/2026\/02\/24\/join-us-for-the-1th-ieee\/\">The 1st IEEE\u00a0Central and Eastern Europe Ultrasonics Symposium || 22-24.06.2026<\/a><\/h5><div class=\"desc_footer\"><span class=\"date\"><i class=\"icon-clock\" aria-label=\"published\"><\/i> 2026-02-24<\/span><div class=\"button-love\"><\/div><\/div><div class=\"post-excerpt\">We announce that the 1st IEEE Central and Eastern European Ultrasonics Symposium will take place 22-24.06.2024 at the Faculty of Physics, University of Warsaw. The symposium aims to bring together researchers, scientists, and medical practitioners from Central and Eastern Europe<span class=\"excerpt-hellip\"> [\u2026]<\/span><\/div><\/div><\/li><\/ul><\/div>\n[\/vc_tta_section][vc_tta_section title=&#8221;Conferences&#8221; tab_id=&#8221;conferences&#8221;]<div class=\"Latest_news \"><ul class=\"ul-first\"><li class=\"post-3387 post type-post status-publish format-standard hentry category-conferences\"><div class=\"photo\"><a href=\"https:\/\/zfbweb.zfb.fuw.edu.pl\/index.php\/2026\/02\/26\/the-14th-neuronus-young-ptbun-neuroscience-forum\/\"><\/a><\/div><div class=\"desc\"><h5><a href=\"https:\/\/zfbweb.zfb.fuw.edu.pl\/index.php\/2026\/02\/26\/the-14th-neuronus-young-ptbun-neuroscience-forum\/\">The 14th NEURONUS &amp; Young PTBUN Neuroscience Forum || 24-26.04.2026<\/a><\/h5><div class=\"desc_footer\"><span class=\"date\"><i class=\"icon-clock\" aria-label=\"published\"><\/i> 2026-02-26<\/span><div class=\"button-love\"><\/div><\/div><div class=\"post-excerpt\">NEURONUS &amp; Young PTBUN Neuroscience Forum is the biggest international neuroscience conference in Poland organized biennially by students from the Jagiellonian University in Krakow. The scope of topics covers general neurobiology, computational, cognitive and affective neuroscience, as well as clinical<span class=\"excerpt-hellip\"> [\u2026]<\/span><\/div><\/div><\/li><li class=\"post-3383 post type-post status-publish format-standard hentry category-conferences category-news\"><div class=\"photo\"><a href=\"https:\/\/zfbweb.zfb.fuw.edu.pl\/index.php\/2026\/02\/26\/brainhack-warsaw\/\"><\/a><\/div><div class=\"desc\"><h5><a href=\"https:\/\/zfbweb.zfb.fuw.edu.pl\/index.php\/2026\/02\/26\/brainhack-warsaw\/\">Brainhack Warsaw &#8211; 8th\u00a0edition || 17-19.04.2026\u00a0<\/a><\/h5><div class=\"desc_footer\"><span class=\"date\"><i class=\"icon-clock\" aria-label=\"published\"><\/i> 2026-02-26<\/span><div class=\"button-love\"><\/div><\/div><div class=\"post-excerpt\">In the middle of the&nbsp;April&nbsp;2026, Brainhack Warsaw&nbsp;returns with its&nbsp;8th&nbsp;edition&nbsp;\u2014 a unique, three-day fusion of neuroscience, technology, and innovation. Hosted by the&nbsp;Neuroinformatics Student Association&nbsp;at the Faculty of Physics, University of Warsaw, this event brings together students, PhD candidates, and early-career researchers<span class=\"excerpt-hellip\"> [\u2026]<\/span><\/div><\/div><\/li><li class=\"post-3381 post type-post status-publish format-standard hentry category-conferences\"><div class=\"photo\"><a href=\"https:\/\/zfbweb.zfb.fuw.edu.pl\/index.php\/2026\/02\/26\/ii-interdyscyplinarne-forum-kol-naukowych-fizyki-medycznej-i-inzynierii-biomedycznej\/\"><\/a><\/div><div class=\"desc\"><h5><a href=\"https:\/\/zfbweb.zfb.fuw.edu.pl\/index.php\/2026\/02\/26\/ii-interdyscyplinarne-forum-kol-naukowych-fizyki-medycznej-i-inzynierii-biomedycznej\/\">II Interdyscyplinarne Forum K\u00f3\u0142 Naukowych Fizyki Medycznej i In\u017cynierii Biomedycznej || 6-7.03.2026<\/a><\/h5><div class=\"desc_footer\"><span class=\"date\"><i class=\"icon-clock\" aria-label=\"published\"><\/i> 2026-02-26<\/span><div class=\"button-love\"><\/div><\/div><div class=\"post-excerpt\">Z wielk\u0105 przyjemno\u015bci\u0105 zapraszamy na II Interdyscyplinarne Forum K\u00f3\u0142 Naukowych Fizyki Medycznej i In\u017cynierii Biomedycznej, organizowane przez Polskie Towarzystwo Fizyki Medycznej, Politechnik\u0119 Gda\u0144sk\u0105, Uniwersytet Gda\u0144ski i Gda\u0144ski Uniwersytet Medyczny. Wydarzenie odb\u0119dzie si\u0119 w dniach 6\u20137 marca 2026 r. w Audytorium<span class=\"excerpt-hellip\"> [\u2026]<\/span><\/div><\/div><\/li><li class=\"post-3060 post type-post status-publish format-standard hentry category-conferences category-news\"><div class=\"photo\"><a href=\"https:\/\/zfbweb.zfb.fuw.edu.pl\/index.php\/2026\/02\/24\/join-us-for-the-1th-ieee\/\"><\/a><\/div><div class=\"desc\"><h5><a href=\"https:\/\/zfbweb.zfb.fuw.edu.pl\/index.php\/2026\/02\/24\/join-us-for-the-1th-ieee\/\">The 1st IEEE\u00a0Central and Eastern Europe Ultrasonics Symposium || 22-24.06.2026<\/a><\/h5><div class=\"desc_footer\"><span class=\"date\"><i class=\"icon-clock\" aria-label=\"published\"><\/i> 2026-02-24<\/span><div class=\"button-love\"><\/div><\/div><div class=\"post-excerpt\">We announce that the 1st IEEE Central and Eastern European Ultrasonics Symposium will take place 22-24.06.2024 at the Faculty of Physics, University of Warsaw. The symposium aims to bring together researchers, scientists, and medical practitioners from Central and Eastern Europe<span class=\"excerpt-hellip\"> [\u2026]<\/span><\/div><\/div><\/li><li class=\"post-2936 post type-post status-publish format-standard hentry category-conferences category-for-studentsdla-studentow\"><div class=\"photo\"><a href=\"https:\/\/zfbweb.zfb.fuw.edu.pl\/index.php\/2023\/04\/24\/konferencja-the-role-of-resilience-in-challenging-times\/\"><\/a><\/div><div class=\"desc\"><h5><a href=\"https:\/\/zfbweb.zfb.fuw.edu.pl\/index.php\/2023\/04\/24\/konferencja-the-role-of-resilience-in-challenging-times\/\">Konferencja &#8220;The Role of Resilience in Challenging Times&#8221;<\/a><\/h5><div class=\"desc_footer\"><span class=\"date\"><i class=\"icon-clock\" aria-label=\"published\"><\/i> 2023-04-24<\/span><div class=\"button-love\"><\/div><\/div><div class=\"post-excerpt\">W dniach 12-14 maja br. odb\u0119dzie si\u0119 konferencja mi\u0119dzynarodowa dotycz\u0105ca rezyliencji tj. zdolno\u015bci radzenia sobie w trudnych sytuacjach.\u00a0Konferencja b\u0119dzie mia\u0142a form\u0119 hybrydow\u0105 (wersja stacjonarna na SWPS). Pe\u0142ne informacje o konferencji dost\u0119pne s\u0105 pod linkiem: https:\/\/english.swps.pl\/we-the-university\/our-news-and-events\/conferences-and-seminars\/33608-flipping-the-coin-of-well-being-the-role-of-resilience-in-challenging-times. Serdecznie zapraszamy!<\/div><\/div><\/li><\/ul><\/div>\n[\/vc_tta_section][vc_tta_section title=&#8221;Publications&#8221; tab_id=&#8221;articles&#8221;]<div class=\"Latest_news \"><ul class=\"ul-first\"><li class=\"post-3509 post type-post status-publish format-standard hentry category-articles category-news\"><div class=\"photo\"><a href=\"https:\/\/zfbweb.zfb.fuw.edu.pl\/index.php\/2026\/04\/20\/jak-dziala-program-makschroms\/\"><\/a><\/div><div class=\"desc\"><h5><a href=\"https:\/\/zfbweb.zfb.fuw.edu.pl\/index.php\/2026\/04\/20\/jak-dziala-program-makschroms\/\">PL || Quick diagnosis of radiation effects. How does the MaksChroms program work? || Szybka diagnoza skutk\u00f3w promieniowania. Jak dzia\u0142a program MaksChroms?<\/a><\/h5><div class=\"desc_footer\"><span class=\"date\"><i class=\"icon-clock\" aria-label=\"published\"><\/i> 2026-04-20<\/span><div class=\"button-love\"><\/div><\/div><div class=\"post-excerpt\">Image from article MaksChroms: An open-source CNN-based tool for dose prediction based on dicentric chromosome assay Szybka diagnoza skutk\u00f3w promieniowania. Jak dzia\u0142a program MaksChroms? Read on website (in Polish): https:\/\/www.fuw.edu.pl\/aktualnosci-all\/news10067.html Article: Maksymilian G\u0142owacki, Martin Bucher, David Endesfelder, Maria Szo\u0142a, Adrianna<span class=\"excerpt-hellip\"> [\u2026]<\/span><\/div><\/div><\/li><li class=\"post-3497 post type-post status-publish format-standard hentry category-articles category-news\"><div class=\"photo\"><a href=\"https:\/\/zfbweb.zfb.fuw.edu.pl\/index.php\/2026\/04\/08\/the-integrated-information-%cf%86-of-an-integrate-and-fire-network\/\"><\/a><\/div><div class=\"desc\"><h5><a href=\"https:\/\/zfbweb.zfb.fuw.edu.pl\/index.php\/2026\/04\/08\/the-integrated-information-%cf%86-of-an-integrate-and-fire-network\/\">The integrated information \u03a6 of an integrate and fire network<\/a><\/h5><div class=\"desc_footer\"><span class=\"date\"><i class=\"icon-clock\" aria-label=\"published\"><\/i> 2026-04-08<\/span><div class=\"button-love\"><\/div><\/div><div class=\"post-excerpt\">Mi\u0142osz Danilczuk, Marek Pokropski, Piotr Suffczy\u0144ski Can the amount of consciousness be computed? The answer is \u2018Yes\u2019.\u00a0According to Integrated Information Theory, consciousness corresponds to\u00a0a system&#8217;s capacity to integrate information, which can be quantified by\u00a0a quantity called \u03a6. For the first<span class=\"excerpt-hellip\"> [\u2026]<\/span><\/div><\/div><\/li><li class=\"post-3433 post type-post status-publish format-standard hentry category-articles category-news\"><div class=\"photo\"><a href=\"https:\/\/zfbweb.zfb.fuw.edu.pl\/index.php\/2026\/03\/05\/study-of-ion-detection-efficiency-in-jet-counter-nanodosimeter\/\"><\/a><\/div><div class=\"desc\"><h5><a href=\"https:\/\/zfbweb.zfb.fuw.edu.pl\/index.php\/2026\/03\/05\/study-of-ion-detection-efficiency-in-jet-counter-nanodosimeter\/\">Article &#8211; Study of ion detection efficiency in Jet Counter nanodosimeter\u00a0<\/a><\/h5><div class=\"desc_footer\"><span class=\"date\"><i class=\"icon-clock\" aria-label=\"published\"><\/i> 2026-03-05<\/span><div class=\"button-love\"><\/div><\/div><div class=\"post-excerpt\">Authors: Mateusz Filipek, Aleksandr Bancer, Beata Brzozowska, Zygmunt Szefli\u0144ski, Marcin Pietrzak EPJ Techn Instrum\u00a013, 2 (2026), DOI: 10.1140\/epjti\/s40485-025-00119-1<\/div><\/div><\/li><li class=\"post-3429 post type-post status-publish format-standard hentry category-articles category-news\"><div class=\"photo\"><a href=\"https:\/\/zfbweb.zfb.fuw.edu.pl\/index.php\/2026\/03\/04\/article-makschroms-an-open-source-cnn-based-tool-for-dose-prediction-based-on-dicentric-chromosome-assay\/\"><\/a><\/div><div class=\"desc\"><h5><a href=\"https:\/\/zfbweb.zfb.fuw.edu.pl\/index.php\/2026\/03\/04\/article-makschroms-an-open-source-cnn-based-tool-for-dose-prediction-based-on-dicentric-chromosome-assay\/\">Article &#8211; MaksChroms: An open-source CNN-based tool for dose prediction based on dicentric chromosome assay<\/a><\/h5><div class=\"desc_footer\"><span class=\"date\"><i class=\"icon-clock\" aria-label=\"published\"><\/i> 2026-03-04<\/span><div class=\"button-love\"><\/div><\/div><div class=\"post-excerpt\">Authors: Maksymilian G\u0142owacki, Martin Bucher, David Endesfelder, Maria Szo\u0142a, Adrianna Tartas, Yohei Fujishima, Ursula Oestreicher, Maria Kowalska, Pawe\u0142 Kotowski, Jan Borkowski, Beata Pszcz\u00f3\u0142kowska-K\u0119pa, J\u00f3zef Ginter, Andrzej W\u00f3jcik, Beata Brzozowska Radiation Physics and Chemistry, Volume 239, 2026, DOI: https:\/\/doi.org\/10.1016\/j.radphyschem.2025.113329<\/div><\/div><\/li><\/ul><\/div>\n[\/vc_tta_section][vc_tta_section title=&#8221;Jobs offers\/Internships&#8221; tab_id=&#8221;jobs&#8221;]<div class=\"Latest_news \"><ul class=\"ul-first\"><li class=\"post-3478 post type-post status-publish format-standard hentry category-job-offers category-news\"><div class=\"photo\"><a href=\"https:\/\/zfbweb.zfb.fuw.edu.pl\/index.php\/2026\/03\/23\/zespolowy-projekt-studencki-kalibracja-mikroskopu-fluorescencyjnego\/\"><\/a><\/div><div class=\"desc\"><h5><a href=\"https:\/\/zfbweb.zfb.fuw.edu.pl\/index.php\/2026\/03\/23\/zespolowy-projekt-studencki-kalibracja-mikroskopu-fluorescencyjnego\/\">Zespo\u0142owy projekt studencki! &#8211; Kalibracja mikroskopu fluorescencyjnego<\/a><\/h5><div class=\"desc_footer\"><span class=\"date\"><i class=\"icon-clock\" aria-label=\"published\"><\/i> 2026-03-23<\/span><div class=\"button-love\"><\/div><\/div><div class=\"post-excerpt\">Serdecznie zapraszamy do wzi\u0119cia udzia\u0142u w naszym zespo\u0142owym projekcie studenckim!  Projekt ma na celu skalibrowanie mikroskopu fluorescencyjnego oraz\u00a0zapoznanie student\u00f3w z podstawowymi zasadami kalibracji uk\u0142adu\u00a0optycznego i skali obrazu cyfrowego [..]<\/div><\/div><\/li><li class=\"post-3456 post type-post status-publish format-standard hentry category-job-offers\"><div class=\"photo\"><a href=\"https:\/\/zfbweb.zfb.fuw.edu.pl\/index.php\/2026\/03\/11\/postdoctoral-position-at-astrocent-poland\/\"><\/a><\/div><div class=\"desc\"><h5><a href=\"https:\/\/zfbweb.zfb.fuw.edu.pl\/index.php\/2026\/03\/11\/postdoctoral-position-at-astrocent-poland\/\">Postdoctoral position at AstroCeNT, Poland<\/a><\/h5><div class=\"desc_footer\"><span class=\"date\"><i class=\"icon-clock\" aria-label=\"published\"><\/i> 2026-03-11<\/span><div class=\"button-love\"><\/div><\/div><div class=\"post-excerpt\">Project focus: The successful candidate will join the Medical Physics and Radiation Detectors group led by Prof. Masayuki Wada. The research involves developing a next-generation PET scanner using xenon-doped liquid argon (Xe-LAr) with cryogenic silicon photomultipliers (SiPMs) and digital readout.<span class=\"excerpt-hellip\"> [\u2026]<\/span><\/div><\/div><\/li><li class=\"post-3449 post type-post status-publish format-standard hentry category-job-offers\"><div class=\"photo\"><a href=\"https:\/\/zfbweb.zfb.fuw.edu.pl\/index.php\/2026\/03\/11\/18-month-post-doctoral-position-in-simulation-for-medical-physics\/\"><\/a><\/div><div class=\"desc\"><h5><a href=\"https:\/\/zfbweb.zfb.fuw.edu.pl\/index.php\/2026\/03\/11\/18-month-post-doctoral-position-in-simulation-for-medical-physics\/\">18-Month Post-Doctoral Position in Simulation for Medical Physics<\/a><\/h5><div class=\"desc_footer\"><span class=\"date\"><i class=\"icon-clock\" aria-label=\"published\"><\/i> 2026-03-11<\/span><div class=\"button-love\"><\/div><\/div><div class=\"post-excerpt\">We pleased to announce the opening of a&nbsp;postdoctoral position&nbsp;at the&nbsp;Laboratoire de Physique de Clermont Auvergne, located in Clermont-Ferrand, France. This position is part of the&nbsp;IRHydroBrain project, funded by the ANR, and aims to develop&nbsp;multi-scale digital twins&nbsp;using Monte Carlo simulations for<span class=\"excerpt-hellip\"> [\u2026]<\/span><\/div><\/div><\/li><\/ul><\/div>\n[\/vc_tta_section][\/vc_tta_tabs][\/vc_column][\/vc_row]<\/p>\n<\/div>","protected":false},"excerpt":{"rendered":"<p>[vc_row][vc_column][vc_tta_tabs][vc_tta_section title=&#8221;News&#8221; tab_id=&#8221;news&#8221;][\/vc_tta_section][vc_tta_section title=&#8221;Conferences&#8221; tab_id=&#8221;conferences&#8221;][\/vc_tta_section][vc_tta_section title=&#8221;Publications&#8221; tab_id=&#8221;articles&#8221;][\/vc_tta_section][vc_tta_section title=&#8221;Jobs offers\/Internships&#8221; tab_id=&#8221;jobs&#8221;][\/vc_tta_section][\/vc_tta_tabs][\/vc_column][\/vc_row]<\/p>\n","protected":false},"author":1,"featured_media":0,"parent":0,"menu_order":0,"comment_status":"closed","ping_status":"open","template":"","meta":{"om_disable_all_campaigns":false,"_monsterinsights_skip_tracking":false,"_monsterinsights_sitenote_active":false,"_monsterinsights_sitenote_note":"","_monsterinsights_sitenote_category":0,"footnotes":""},"categories":[],"tags":[],"class_list":["post-2","page","type-page","status-publish","hentry"],"aioseo_notices":[],"_links":{"self":[{"href":"https:\/\/zfbweb.zfb.fuw.edu.pl\/index.php\/wp-json\/wp\/v2\/pages\/2","targetHints":{"allow":["GET"]}}],"collection":[{"href":"https:\/\/zfbweb.zfb.fuw.edu.pl\/index.php\/wp-json\/wp\/v2\/pages"}],"about":[{"href":"https:\/\/zfbweb.zfb.fuw.edu.pl\/index.php\/wp-json\/wp\/v2\/types\/page"}],"author":[{"embeddable":true,"href":"https:\/\/zfbweb.zfb.fuw.edu.pl\/index.php\/wp-json\/wp\/v2\/users\/1"}],"replies":[{"embeddable":true,"href":"https:\/\/zfbweb.zfb.fuw.edu.pl\/index.php\/wp-json\/wp\/v2\/comments?post=2"}],"version-history":[{"count":35,"href":"https:\/\/zfbweb.zfb.fuw.edu.pl\/index.php\/wp-json\/wp\/v2\/pages\/2\/revisions"}],"predecessor-version":[{"id":3519,"href":"https:\/\/zfbweb.zfb.fuw.edu.pl\/index.php\/wp-json\/wp\/v2\/pages\/2\/revisions\/3519"}],"wp:attachment":[{"href":"https:\/\/zfbweb.zfb.fuw.edu.pl\/index.php\/wp-json\/wp\/v2\/media?parent=2"}],"wp:term":[{"taxonomy":"category","embeddable":true,"href":"https:\/\/zfbweb.zfb.fuw.edu.pl\/index.php\/wp-json\/wp\/v2\/categories?post=2"},{"taxonomy":"post_tag","embeddable":true,"href":"https:\/\/zfbweb.zfb.fuw.edu.pl\/index.php\/wp-json\/wp\/v2\/tags?post=2"}],"curies":[{"name":"wp","href":"https:\/\/api.w.org\/{rel}","templated":true}]}}