{"id":2494,"date":"2020-06-15T16:27:06","date_gmt":"2020-06-15T14:27:06","guid":{"rendered":"http:\/\/zfbweb.zfb.fuw.edu.pl\/?page_id=2494"},"modified":"2020-06-15T16:43:27","modified_gmt":"2020-06-15T14:43:27","slug":"ankieta-zgloszeniowa-do-badania-eeg","status":"publish","type":"page","link":"https:\/\/zfbweb.zfb.fuw.edu.pl\/index.php\/projects\/ankieta-zgloszeniowa-do-badania-eeg\/","title":{"rendered":"Ankieta zg\u0142oszeniowa do badania EEG"},"content":{"rendered":"\n<p><\/p>\n\n\n\t\t \t\t<script type=\"text\/javascript\" >\n\t\t\t  \tvar d = new Date();\n\t\t\t\td.setTime(d.getTime() + (24*3600*1000));\n\t\t\t\tvar expires = \"expires=\"+ d.toUTCString();     \t\t\t\t\n\t\t\t  \tdocument.cookie = \"chained_completion_id5=10727;\" + expires + \";path=\/\";\n\t\t\t  \t<\/script>\n\t\t\t<div class=\"chained-quiz\" id=\"chained-quiz-div-5\"><form method=\"post\" id=\"chained-quiz-form-5\">\n\t<div class=\"chained-quiz-area\" id=\"chained-quiz-wrap-5\">\n\t\t \n\t\t<div class=\"chained-quiz-question\" id=\"chained-quiz-question-19\">\n\t\t\t<p><strong data-rich-text-format-boundary=\"true\">Klauzula informacyjna \u2013 badania naukowe<\/strong><br data-rich-text-line-break=\"true\" \/><br data-rich-text-line-break=\"true\" \/><strong>Obowi\u0105zek informacyjny na podstawie artyku\u0142u 13 RODO*:<\/strong><br data-rich-text-line-break=\"true\" \/><br data-rich-text-line-break=\"true\" \/><strong>Administrator danych<\/strong><\/p>\n<p>Administratorem Pa\u0144stwa danych osobowych przetwarzanych jest Uniwersytet Warszawski, ul. Krakowskie Przedmie\u015bcie 26\/28, 00-927 Warszawa.<\/p>\n<p>Z administratorem mo\u017cna kontaktowa\u0107 si\u0119:<\/p>\n<ul>\n<li>listownie: Uniwersytet Warszawski, ul. Krakowskie Przedmie\u015bcie 26\/28, 00-927 Warszawa (nale\u017cy wskaza\u0107 jednostk\u0119 organizacyjn\u0105 Uniwersytetu, do kt\u00f3rej kierowana jest korespondencja);<\/li>\n<li>telefonicznie: 22 55 20\u00a0000.<\/li>\n<\/ul>\n<p><br data-rich-text-line-break=\"true\" \/><strong>Inspektor Ochrony Danych <\/strong><br data-rich-text-line-break=\"true\" \/>Administrator wyznaczy\u0142 Inspektora Ochrony Danych, z kt\u00f3rym mo\u017cna si\u0119 kontaktowa\u0107 w sprawach dotycz\u0105cych Pa\u0144stwa danych osobowych, wysy\u0142aj\u0105c wiadomo\u015b\u0107 na adres:\u00a0<a>iod@adm.uw.edu.pl<\/a>. Z IOD mo\u017cna si\u0119 kontaktowa\u0107 we wszystkich sprawach dotycz\u0105cych przetwarzania Pa\u0144stwa danych osobowych przez Uniwersytet Warszawski oraz korzystania przez Pa\u0144stwa z praw zwi\u0105zanych z przetwarzaniem danych osobowych.<br data-rich-text-line-break=\"true\" \/><br data-rich-text-line-break=\"true\" \/><strong>Cele przetwarzania i podstawa prawna przetwarzania\u00a0<\/strong><br data-rich-text-line-break=\"true\" \/>Za Twoj\u0105 zgod\u0105 przetwarzamy Twoje dane w celu przeprowadzenia badania z wykorzystaniem EEG. <br data-rich-text-line-break=\"true\" \/>Zgod\u0119 mo\u017cesz cofn\u0105\u0107 w dowolnym momencie wysy\u0142aj\u0105c maila na adres: Jaroslaw.Zygierewicz@fuw.edu.pl<br data-rich-text-line-break=\"true\" \/><br data-rich-text-line-break=\"true\" \/><strong>Okres przechowywania Twoich danych osobowych<\/strong> <br data-rich-text-line-break=\"true\" \/>Twoje dane osobowe b\u0119d\u0105 przetwarzane przez czas prowadzenia bada\u0144, a nast\u0119pnie zostan\u0105 zanonimizowane.\u00a0<br data-rich-text-line-break=\"true\" \/><br data-rich-text-line-break=\"true\" \/><strong>Odbiorcy Twoich danych<\/strong><br data-rich-text-line-break=\"true\" \/>Odbiorcami Twoich danych b\u0119d\u0105 podmioty uprawnione na podstawie przepis\u00f3w prawa.\u00a0<br data-rich-text-line-break=\"true\" \/><br data-rich-text-line-break=\"true\" \/><strong>Twoje prawa zwi\u0105zane z przetwarzaniem<\/strong><br data-rich-text-line-break=\"true\" \/>Gwarantujemy spe\u0142nienie wszystkich Twoich praw wynikaj\u0105cych z RODO tj. prawo dost\u0119pu do danych i ich sprostowania oraz prawo do usuni\u0119cia lub ograniczenia przetwarzania, a tak\u017ce prawo do sprzeciwu.<br data-rich-text-line-break=\"true\" \/><br data-rich-text-line-break=\"true\" \/><strong>Obowi\u0105zek podania danych i konsekwencje niepodania danych<\/strong><\/p>\n<p>Podanie danych jest dobrowolne, jednak w przypadku ich niepodania nie b\u0119dziesz m\u00f3g\u0142 uczestniczy\u0107 w badaniu.<br data-rich-text-line-break=\"true\" \/><br data-rich-text-line-break=\"true\" \/><strong>Prawo wniesienia skargi do Prezesa Urz\u0119du Ochrony Danych Osobowych<\/strong><br data-rich-text-line-break=\"true\" \/>Gdy uznasz, i\u017c przetwarzanie Twoich danych osobowych narusza przepisy og\u00f3lnego rozporz\u0105dzenia\u00a0o ochronie danych osobowych masz prawo wnie\u015b\u0107 skarg\u0119 do Prezesa Urz\u0119du Ochrony Danych Osobowych.<\/p>\n<p>&nbsp;<\/p>\n<p><span style=\"font-weight: 400\">Wyra\u017cam zgod\u0119 na przetwarzanie moich danych osobowych w zakresie okre\u015blonym <\/span><span style=\"font-weight: 400\">w powy\u017cszym kwestionariuszu przez Uniwersytet Warszawski w celu przeprowadzenia badania\/udzia\u0142u w projekcie. Wiem, \u017ce przys\u0142uguje mi prawo do wycofania zgody w dowolnym momencie przez wys\u0142anie maila na adres: jarekz@fuw.edu.pl. <\/span><\/p>\n<p><span style=\"font-weight: 400\">Zapozna\u0142em si\u0119 z powy\u017cszym obowi\u0105zkiem informacyjnym.<\/span><\/p>\n\t\t<\/div>\n\t\t\n\t\t<div class=\"chained-quiz-choices\" id=\"chained-quiz-choices-19\">\n\t\t\t\t<div class='chained-quiz-choice'><label class='chained-quiz-label'><input class='chained-quiz-frontend chained-quiz-radio' type='radio' name='answer' value='45' > Tak, przechodz\u0119 do wype\u0142nienia ankiety<\/label><\/div><div class='chained-quiz-choice'><label class='chained-quiz-label'><input class='chained-quiz-frontend chained-quiz-radio' type='radio' name='answer' value='46' > Nie zgadzam si\u0119 na przetwarzanie osobowych w opisanym powy\u017cej zakresie. Rezygnuj\u0119 z udzia\u0142u w badaniu EEG.<\/label><\/div>\t\t<\/div>\n\t\t\n\t\t\t\t\n\t\t\t\t\n\t\t<div class=\"chained-quiz-action\" style='display:block'>\n\t\t\t<input type=\"button\" id=\"chained-quiz-action-5\" value=\"Dalej\" onclick=\"chainedQuiz.goon(5, 'https:\/\/zfbweb.zfb.fuw.edu.pl\/wp-admin\/admin-ajax.php');\" disabled=\"true\">\n\t\t\t<img loading=\"lazy\" decoding=\"async\" src=\"https:\/\/zfbweb.zfb.fuw.edu.pl\/wp-content\/plugins\/chained-quiz\/img\/loading.gif\" width=\"32\" height=\"32\" alt=\"Loading...\" style=\"display: none;\" id=\"chainedLoading\">\n\t\t<\/div>\n\t<\/div>\n\t<input type=\"hidden\" name=\"question_id\" value=\"19\">\n\t<input type=\"hidden\" name=\"quiz_id\" value=\"5\">\n\t<input type=\"hidden\" name=\"post_id\" value=\"2494\">\n\t<input type=\"hidden\" name=\"question_type\" value=\"radio\">\n\t<input type=\"hidden\" name=\"points\" value=\"0\">\n<\/form>\n<\/div>\n<script type=\"text\/javascript\" >\njQuery(function(){\n\tchainedQuiz.initializeQuestion(5);\t\n});\n\n\/\/ prevent enter key from reloading the form\njQuery(document).ready(function() {\n  jQuery(window).keydown(function(event){\n    if(event.keyCode == 13) {\n      event.preventDefault();\n      return false;\n    }\n  });\n});\n<\/script>\n\n\n\n<p><\/p>\n","protected":false},"excerpt":{"rendered":"Klauzula informacyjna \u2013 badania naukoweObowi\u0105zek informacyjny na podstawie artyku\u0142u 13 RODO*:Administrator danych Administratorem Pa\u0144stwa danych osobowych przetwarzanych jest Uniwersytet Warszawski, ul. Krakowskie Przedmie\u015bcie 26\/28, 00-927 Warszawa. Z administratorem mo\u017cna kontaktowa\u0107 si\u0119: listownie: Uniwersytet Warszawski, ul. Krakowskie Przedmie\u015bcie 26\/28, 00-927 Warszawa<span class=\"excerpt-hellip\"> [\u2026]<\/span>","protected":false},"author":9,"featured_media":0,"parent":71,"menu_order":1,"comment_status":"closed","ping_status":"closed","template":"","meta":{"om_disable_all_campaigns":false,"_monsterinsights_skip_tracking":false,"_monsterinsights_sitenote_active":false,"_monsterinsights_sitenote_note":"","_monsterinsights_sitenote_category":0,"footnotes":""},"categories":[],"tags":[],"class_list":["post-2494","page","type-page","status-publish","hentry"],"aioseo_notices":[],"_links":{"self":[{"href":"https:\/\/zfbweb.zfb.fuw.edu.pl\/index.php\/wp-json\/wp\/v2\/pages\/2494","targetHints":{"allow":["GET"]}}],"collection":[{"href":"https:\/\/zfbweb.zfb.fuw.edu.pl\/index.php\/wp-json\/wp\/v2\/pages"}],"about":[{"href":"https:\/\/zfbweb.zfb.fuw.edu.pl\/index.php\/wp-json\/wp\/v2\/types\/page"}],"author":[{"embeddable":true,"href":"https:\/\/zfbweb.zfb.fuw.edu.pl\/index.php\/wp-json\/wp\/v2\/users\/9"}],"replies":[{"embeddable":true,"href":"https:\/\/zfbweb.zfb.fuw.edu.pl\/index.php\/wp-json\/wp\/v2\/comments?post=2494"}],"version-history":[{"count":2,"href":"https:\/\/zfbweb.zfb.fuw.edu.pl\/index.php\/wp-json\/wp\/v2\/pages\/2494\/revisions"}],"predecessor-version":[{"id":2496,"href":"https:\/\/zfbweb.zfb.fuw.edu.pl\/index.php\/wp-json\/wp\/v2\/pages\/2494\/revisions\/2496"}],"up":[{"embeddable":true,"href":"https:\/\/zfbweb.zfb.fuw.edu.pl\/index.php\/wp-json\/wp\/v2\/pages\/71"}],"wp:attachment":[{"href":"https:\/\/zfbweb.zfb.fuw.edu.pl\/index.php\/wp-json\/wp\/v2\/media?parent=2494"}],"wp:term":[{"taxonomy":"category","embeddable":true,"href":"https:\/\/zfbweb.zfb.fuw.edu.pl\/index.php\/wp-json\/wp\/v2\/categories?post=2494"},{"taxonomy":"post_tag","embeddable":true,"href":"https:\/\/zfbweb.zfb.fuw.edu.pl\/index.php\/wp-json\/wp\/v2\/tags?post=2494"}],"curies":[{"name":"wp","href":"https:\/\/api.w.org\/{rel}","templated":true}]}}