{"id":2619,"date":"2020-09-23T21:36:16","date_gmt":"2020-09-23T19:36:16","guid":{"rendered":"http:\/\/zfbweb.zfb.fuw.edu.pl\/?page_id=2619"},"modified":"2026-02-19T13:09:02","modified_gmt":"2026-02-19T12:09:02","slug":"beata-pszczolkowska","status":"publish","type":"page","link":"https:\/\/zfbweb.zfb.fuw.edu.pl\/index.php\/people-2\/beata-pszczolkowska\/","title":{"rendered":"Beata Pszcz\u00f3\u0142kowska"},"content":{"rendered":"<div class=\"wpb-content-wrapper\"><p>[vc_row css_animation=&#8221;fadeIn&#8221;][vc_column css_animation=&#8221;fadeIn&#8221; width=&#8221;1\/3&#8243;][vc_single_image image=&#8221;3163&#8243; img_size=&#8221;large&#8221; alignment=&#8221;center&#8221; onclick=&#8221;link_image&#8221; css_animation=&#8221;none&#8221;]<div class=\"get_in_touch\" ><div class=\"get_in_touch_wrapper\"><ul><li class=\"address\"><span class=\"icon\"><i class=\"icon-location\" aria-label=\"address\"><\/i><\/span><span class=\"address_wrapper\">room 4.58, 5 Pasteur Street, Warsaw<\/span><\/li><li class=\"phone phone-1\"><span class=\"icon\"><i class=\"icon-phone\" aria-label=\"phone\"><\/i><\/span><p><a href=\"tel:+48225532858\">+48 22 55 32 858<\/a><\/p><\/li><li class=\"mail\"><span class=\"icon\"><i class=\"icon-mail\" aria-label=\"mail\"><\/i><\/span><p><a href=\"mailto:beata.pszczolkowska@fuw.edu.pl\">beata.pszczolkowska@fuw.edu.pl<\/a><\/p><\/li><\/ul><\/div><\/div>\n[\/vc_column][vc_column css_animation=&#8221;none&#8221; width=&#8221;5\/12&#8243;][vc_column_text css_animation=&#8221;none&#8221; css=&#8221;.vc_custom_1765550488189{margin-bottom: 0px !important;padding-bottom: 0px !important;}&#8221;]<\/p>\n<h3 style=\"padding: 0; margin: 0;\"><strong>Beata PSZCZ\u00d3\u0141KOWSKA-K\u0118PA<\/strong><\/h3>\n<p><strong>PhD, Medical Physics<\/strong>[\/vc_column_text][vc_separator color=&#8221;blue&#8221; align=&#8221;align_left&#8221; el_width=&#8221;30&#8243; css_animation=&#8221;none&#8221; css=&#8221;.vc_custom_1494490089269{margin-top: 10px !important;margin-bottom: 10px !important;}&#8221;][vc_column_text css_animation=&#8221;none&#8221; css=&#8221;.vc_custom_1771502940658{margin-top: 0px !important;margin-bottom: 0px !important;padding-top: 0px !important;padding-bottom: 0px !important;}&#8221;]She received her MSc (with distinction) and PhD in Medical Physics from the Faculty of Physics at the University of Warsaw.<\/p>\n<p>Her doctoral research focused on investigating the influence of exosomes on the radiosensitivity of prostate cancer cells and determining whether the radiation-induced bystander effect (RIBE) can be activated in recipient cells via exosomes isolated from irradiated cells.<\/p>\n<p>Her work was conducted in scientific cooperation with the Medical University of Warsaw (WUM), contributing to a better understanding of radiosensitivity modulation and highlighting the potential application of exosomes in the optimization of radiotherapy.<\/p>\n<p>Ongoing projects:[\/vc_column_text][vc_basic_grid post_type=&#8221;portfolio&#8221; max_items=&#8221;-1&#8243; element_width=&#8221;12&#8243; gap=&#8221;5&#8243; item=&#8221;1058&#8243; grid_id=&#8221;vc_gid:1771502910203-61b83c68b1cf1bdf2cf403ec2cacecc6-5&#8243; taxonomies=&#8221;79&#8243;][\/vc_column][vc_column width=&#8221;1\/4&#8243;]<div class=\"list_item lists_1 clearfix\"><a href=\"https:\/\/www.researchgate.net\/profile\/Beata-Pszczolkowska-Kepa?ev=hdr_xprf\" target=\"_blank\"><div class=\"list_left list_icon\"><i class=\"icon-doc-line\" aria-hidden=\"true\"><\/i><\/div><div class=\"list_right\"><h4 class=\"title\">Research Gate<\/h4><div class=\"desc\"><\/div><\/div><\/a><\/div>\n<div class=\"list_item lists_1 clearfix\"><a href=\"https:\/\/scholar.google.pl\/scholar?hl=en&#038;as_sdt=0%2C5&#038;q=beata+pszcz%C3%B3%C5%82kowska&#038;btnG=&#038;oq=pszc\" target=\"_blank\"><div class=\"list_left list_icon\"><i class=\"icon-doc-line\" aria-hidden=\"true\"><\/i><\/div><div class=\"list_right\"><h4 class=\"title\">Google Scholar<\/h4><div class=\"desc\"><\/div><\/div><\/a><\/div>\n<div class=\"list_item lists_1 clearfix\"><a href=\"https:\/\/usosweb.uw.edu.pl\/kontroler.php?_action=katalog2\/osoby\/pokazOsobe&#038;os_id=280139\" ><div class=\"list_left list_icon\"><i class=\"icon-book\" aria-hidden=\"true\"><\/i><\/div><div class=\"list_right\"><h4 class=\"title\">USOSweb<\/h4><div class=\"desc\"><\/div><\/div><\/a><\/div>\n<div class=\"blockquote\"><blockquote class=\"mfn-inline-editor\">Science is more than a body of knowledge. It is a way of thinking; a<br \/>\nway of skeptically interrogating the universe with a fine understanding<br \/>\nof human fallibility.<\/blockquote><p class=\"author\"><i class=\"icon-user\" aria-label=\"author\"><\/i><span>Carl Sagan<\/span><\/p><\/div>\n[\/vc_column][\/vc_row][vc_row][vc_column][\/vc_column][\/vc_row]<\/p>\n<\/div>","protected":false},"excerpt":{"rendered":"<p>[vc_row css_animation=&#8221;fadeIn&#8221;][vc_column css_animation=&#8221;fadeIn&#8221; width=&#8221;1\/3&#8243;][vc_single_image image=&#8221;3163&#8243; img_size=&#8221;large&#8221; alignment=&#8221;center&#8221; onclick=&#8221;link_image&#8221; css_animation=&#8221;none&#8221;][\/vc_column][vc_column css_animation=&#8221;none&#8221; width=&#8221;5\/12&#8243;][vc_column_text css_animation=&#8221;none&#8221; css=&#8221;.vc_custom_1765550488189{margin-bottom: 0px !important;padding-bottom: 0px !important;}&#8221;] Beata PSZCZ\u00d3\u0141KOWSKA-K\u0118PA PhD, Medical Physics[\/vc_column_text][vc_separator color=&#8221;blue&#8221; align=&#8221;align_left&#8221; el_width=&#8221;30&#8243; css_animation=&#8221;none&#8221; css=&#8221;.vc_custom_1494490089269{margin-top: 10px !important;margin-bottom: 10px !important;}&#8221;][vc_column_text css_animation=&#8221;none&#8221; css=&#8221;.vc_custom_1771502940658{margin-top: 0px !important;margin-bottom: 0px !important;padding-top: 0px !important;padding-bottom: 0px<span class=\"excerpt-hellip\"> [\u2026]<\/span><\/p>\n","protected":false},"author":3,"featured_media":0,"parent":6,"menu_order":0,"comment_status":"closed","ping_status":"closed","template":"","meta":{"om_disable_all_campaigns":false,"_monsterinsights_skip_tracking":false,"_monsterinsights_sitenote_active":false,"_monsterinsights_sitenote_note":"","_monsterinsights_sitenote_category":0,"footnotes":""},"categories":[],"tags":[],"class_list":["post-2619","page","type-page","status-publish","hentry"],"aioseo_notices":[],"_links":{"self":[{"href":"https:\/\/zfbweb.zfb.fuw.edu.pl\/index.php\/wp-json\/wp\/v2\/pages\/2619","targetHints":{"allow":["GET"]}}],"collection":[{"href":"https:\/\/zfbweb.zfb.fuw.edu.pl\/index.php\/wp-json\/wp\/v2\/pages"}],"about":[{"href":"https:\/\/zfbweb.zfb.fuw.edu.pl\/index.php\/wp-json\/wp\/v2\/types\/page"}],"author":[{"embeddable":true,"href":"https:\/\/zfbweb.zfb.fuw.edu.pl\/index.php\/wp-json\/wp\/v2\/users\/3"}],"replies":[{"embeddable":true,"href":"https:\/\/zfbweb.zfb.fuw.edu.pl\/index.php\/wp-json\/wp\/v2\/comments?post=2619"}],"version-history":[{"count":13,"href":"https:\/\/zfbweb.zfb.fuw.edu.pl\/index.php\/wp-json\/wp\/v2\/pages\/2619\/revisions"}],"predecessor-version":[{"id":3352,"href":"https:\/\/zfbweb.zfb.fuw.edu.pl\/index.php\/wp-json\/wp\/v2\/pages\/2619\/revisions\/3352"}],"up":[{"embeddable":true,"href":"https:\/\/zfbweb.zfb.fuw.edu.pl\/index.php\/wp-json\/wp\/v2\/pages\/6"}],"wp:attachment":[{"href":"https:\/\/zfbweb.zfb.fuw.edu.pl\/index.php\/wp-json\/wp\/v2\/media?parent=2619"}],"wp:term":[{"taxonomy":"category","embeddable":true,"href":"https:\/\/zfbweb.zfb.fuw.edu.pl\/index.php\/wp-json\/wp\/v2\/categories?post=2619"},{"taxonomy":"post_tag","embeddable":true,"href":"https:\/\/zfbweb.zfb.fuw.edu.pl\/index.php\/wp-json\/wp\/v2\/tags?post=2619"}],"curies":[{"name":"wp","href":"https:\/\/api.w.org\/{rel}","templated":true}]}}