{"id":279,"date":"2017-04-06T21:42:33","date_gmt":"2017-04-06T19:42:33","guid":{"rendered":"http:\/\/zfbweb.zfb.fuw.edu.pl\/?page_id=279"},"modified":"2019-03-04T09:13:14","modified_gmt":"2019-03-04T08:13:14","slug":"events","status":"publish","type":"page","link":"https:\/\/zfbweb.zfb.fuw.edu.pl\/index.php\/events\/","title":{"rendered":"Seminars (PL)"},"content":{"rendered":"<div class=\"wpb-content-wrapper\"><p>[vc_row 0=&#8221;&#8221;][vc_column 0=&#8221;&#8221;][vc_column_text 0=&#8221;&#8221; css_animation=&#8221;fadeIn&#8221;]<div class=\"simcal-calendar simcal-default-calendar simcal-default-calendar-list simcal-default-calendar-light\" data-calendar-id=\"1939\" data-timezone=\"Europe\/Warsaw\" data-offset=\"7200\" data-week-start=\"1\" data-calendar-start=\"1776376800\" data-calendar-end=\"1781172900\" data-events-first=\"1773915300\" data-events-last=\"1781172900\"><div class=\"simcal-calendar-list \"><nav class=\"simcal-calendar-head\">\n\t<div class=\"simcal-nav\">\n\t\t<button class=\"simcal-nav-button simcal-prev\" title=\"Previous\" aria-label=\"Previous\">\n\t\t\t<i class=\"simcal-icon-left\"><\/i>\n\t\t<\/button>\n\t<\/div>\n\t<div class=\"simcal-nav simcal-current \" data-calendar-current=\"1776376800\">\n\t\t<h3 class=\"simcal-current-label\"> <\/h3>\n\t<\/div>\n\t<div class=\"simcal-nav\">\t\t<button class=\"simcal-nav-button simcal-next\" title=\"Next\" aria-label=\"Next\">\t\t\t<i class=\"simcal-icon-right\"><\/i>\n\t\t<\/button>\n\t<\/div>\n<\/nav>\n<dl class=\"simcal-events-list-container\" data-prev=\"1773702000\" data-next=\"1778968800\" data-heading-small=\"2026, Apr - May\" data-heading-large=\"2026, April - May\">\t<dt class=\"simcal-day-label\" style=\"border-bottom: 1px solid #1e73be;\" ><span style=\"background-color: #1e73be; color: #ffffff;\"><span class=\"simcal-date-format\" data-date-format=\"Y-m-d\">2026-04-23<\/span> <\/span><\/dt>\n<dd class=\"simcal-weekday-4 simcal-past simcal-day simcal-day-has-events simcal-day-has-1-events simcal-events-calendar-1935\" data-events-count=\"1\">\n\t<ul class=\"simcal-events\">\n\t<li class=\"simcal-event simcal-events-calendar-1935\" style=\"\" itemscope itemtype=\"http:\/\/schema.org\/Event\" data-start=\"1776935700\">\n\t\t<div class=\"simcal-event-details\"><p style=\"color: #147ecb\"><strong>Seminarium Fizyki Biomedycznej<\/strong><\/p>\n<p><strong><span class=\"simcal-event-title\" itemprop=\"name\">Karolina Maciaszek: Zapraszam do kabiny, czyli kr\u00f3tka historia o pracy na oddziale radioterapii<\/span><\/strong><\/p>\n<p><\/p>\n<p>11:15 - 12:15, \u00a0seminarium stacjonarne w sali <a href=\"http:\/\/plany.fuw.edu.pl\/pasteura5\/floor.cgi?room=1.40\">1.40 budynek A<\/a><\/p>\n<p> <a href=\"https:\/\/www.google.com\/calendar\/event?eid=MHA0azMxOGxsNDViMGhkbDgycHRmOHNvc2IgZjdiZ3RzdGs3dWNsNjJnYWxkczd0cHVrdGdAZw&#038;ctz=Europe\/Warsaw\" target=\"_blank\" >See more details<\/a><\/p><\/div>\n\t<\/li>\n<\/ul>\n\n<\/dd>\n\t<dt class=\"simcal-day-label\" style=\"border-bottom: 1px solid #1e73be;\" ><span style=\"background-color: #1e73be; color: #ffffff;\"><span class=\"simcal-date-format\" data-date-format=\"Y-m-d\">2026-04-30<\/span> <\/span><\/dt>\n<dd class=\"simcal-weekday-4 simcal-past simcal-day simcal-day-has-events simcal-day-has-1-events simcal-events-calendar-1935\" data-events-count=\"1\">\n\t<ul class=\"simcal-events\">\n\t<li class=\"simcal-event simcal-events-calendar-1935\" style=\"\" itemscope itemtype=\"http:\/\/schema.org\/Event\" data-start=\"1777540500\">\n\t\t<div class=\"simcal-event-details\"><p style=\"color: #147ecb\"><strong>Seminarium Fizyki Biomedycznej<\/strong><\/p>\n<p><strong><span class=\"simcal-event-title\" itemprop=\"name\">Piotr Biega\u0144ski<\/span><\/strong><\/p>\n<p><\/p>\n<p>11:15 - 12:15, \u00a0seminarium stacjonarne w sali <a href=\"http:\/\/plany.fuw.edu.pl\/pasteura5\/floor.cgi?room=1.40\">1.40 budynek A<\/a><\/p>\n<p> <a href=\"https:\/\/www.google.com\/calendar\/event?eid=NDg2MnZmNTB1bGp0aXU0Z2h1M2twa204YWwgZjdiZ3RzdGs3dWNsNjJnYWxkczd0cHVrdGdAZw&#038;ctz=Europe\/Warsaw\" target=\"_blank\" >See more details<\/a><\/p><\/div>\n\t<\/li>\n<\/ul>\n\n<\/dd>\n\t<dt class=\"simcal-day-label\" style=\"border-bottom: 1px solid #1e73be;\" ><span style=\"background-color: #1e73be; color: #ffffff;\"><span class=\"simcal-date-format\" data-date-format=\"Y-m-d\">2026-05-07<\/span> <\/span><\/dt>\n<dd class=\"simcal-weekday-4 simcal-past simcal-day simcal-day-has-events simcal-day-has-1-events simcal-events-calendar-1935\" data-events-count=\"1\">\n\t<ul class=\"simcal-events\">\n\t<li class=\"simcal-event simcal-events-calendar-1935\" style=\"\" itemscope itemtype=\"http:\/\/schema.org\/Event\" data-start=\"1778145300\">\n\t\t<div class=\"simcal-event-details\"><p style=\"color: #147ecb\"><strong>Seminarium Fizyki Biomedycznej<\/strong><\/p>\n<p><strong><span class=\"simcal-event-title\" itemprop=\"name\">Edyta D\u0105browska-Szewczyk (FUW)<\/span><\/strong><\/p>\n<p><\/p>\n<p>11:15 - 12:15, \u00a0seminarium stacjonarne w sali <a href=\"http:\/\/plany.fuw.edu.pl\/pasteura5\/floor.cgi?room=1.40\">1.40 budynek A<\/a><\/p>\n<p> <a href=\"https:\/\/www.google.com\/calendar\/event?eid=M200djI2dTJpczU4cnFwYXM2ZjV0YTM2MW4gZjdiZ3RzdGs3dWNsNjJnYWxkczd0cHVrdGdAZw&#038;ctz=Europe\/Warsaw\" target=\"_blank\" >See more details<\/a><\/p><\/div>\n\t<\/li>\n<\/ul>\n\n<\/dd>\n\t<dt class=\"simcal-day-label\" style=\"border-bottom: 1px solid #1e73be;\" ><span style=\"background-color: #1e73be; color: #ffffff;\"><span class=\"simcal-date-format\" data-date-format=\"Y-m-d\">2026-05-14<\/span> <\/span><\/dt>\n<dd class=\"simcal-weekday-4 simcal-past simcal-day simcal-day-has-events simcal-day-has-1-events simcal-events-calendar-1935\" data-events-count=\"1\">\n\t<ul class=\"simcal-events\">\n\t<li class=\"simcal-event simcal-events-calendar-1935\" style=\"\" itemscope itemtype=\"http:\/\/schema.org\/Event\" data-start=\"1778709659\">\n\t\t<div class=\"simcal-event-details\"><p style=\"color: #147ecb\"><strong>Seminarium Fizyki Biomedycznej<\/strong><\/p>\n<p><strong><span class=\"simcal-event-title\" itemprop=\"name\">Anna Str\u00f3\u017c: Psychofizjologiczne badania nad do\u015bwiadczeniem stan\u00f3w senno\u015bci i czujno\u015bci<\/span><\/strong><\/p>\n<p><\/p>\n<p>11:15 - 12:15, \u00a0seminarium stacjonarne w sali <a href=\"http:\/\/plany.fuw.edu.pl\/pasteura5\/floor.cgi?room=1.40\">1.40 budynek A<\/a><\/p>\n<p> <a href=\"https:\/\/www.google.com\/calendar\/event?eid=NTVnMmhzNzlhdXJxM24ya2pkcHBsNzZnZ2UgZjdiZ3RzdGs3dWNsNjJnYWxkczd0cHVrdGdAZw&#038;ctz=Europe\/Warsaw\" target=\"_blank\" >See more details<\/a><\/p><\/div>\n\t<\/li>\n<\/ul>\n\n<\/dd>\n<\/dl><div class=\"simcal-ajax-loader simcal-spinner-top\" style=\"display: none;\"><i class=\"simcal-icon-spinner simcal-icon-spin\"><\/i><\/div><\/div><\/div>[\/vc_column_text][\/vc_column][\/vc_row]<\/p>\n<p>&nbsp;<\/p>\n<\/div>","protected":false},"excerpt":{"rendered":"<p>[vc_row 0=&#8221;&#8221;][vc_column 0=&#8221;&#8221;][vc_column_text 0=&#8221;&#8221; css_animation=&#8221;fadeIn&#8221;][\/vc_column_text][\/vc_column][\/vc_row] &nbsp;<\/p>\n","protected":false},"author":4,"featured_media":0,"parent":0,"menu_order":0,"comment_status":"closed","ping_status":"closed","template":"","meta":{"om_disable_all_campaigns":false,"_monsterinsights_skip_tracking":false,"_monsterinsights_sitenote_active":false,"_monsterinsights_sitenote_note":"","_monsterinsights_sitenote_category":0,"footnotes":""},"categories":[],"tags":[],"class_list":["post-279","page","type-page","status-publish","hentry"],"aioseo_notices":[],"_links":{"self":[{"href":"https:\/\/zfbweb.zfb.fuw.edu.pl\/index.php\/wp-json\/wp\/v2\/pages\/279","targetHints":{"allow":["GET"]}}],"collection":[{"href":"https:\/\/zfbweb.zfb.fuw.edu.pl\/index.php\/wp-json\/wp\/v2\/pages"}],"about":[{"href":"https:\/\/zfbweb.zfb.fuw.edu.pl\/index.php\/wp-json\/wp\/v2\/types\/page"}],"author":[{"embeddable":true,"href":"https:\/\/zfbweb.zfb.fuw.edu.pl\/index.php\/wp-json\/wp\/v2\/users\/4"}],"replies":[{"embeddable":true,"href":"https:\/\/zfbweb.zfb.fuw.edu.pl\/index.php\/wp-json\/wp\/v2\/comments?post=279"}],"version-history":[{"count":22,"href":"https:\/\/zfbweb.zfb.fuw.edu.pl\/index.php\/wp-json\/wp\/v2\/pages\/279\/revisions"}],"predecessor-version":[{"id":3346,"href":"https:\/\/zfbweb.zfb.fuw.edu.pl\/index.php\/wp-json\/wp\/v2\/pages\/279\/revisions\/3346"}],"wp:attachment":[{"href":"https:\/\/zfbweb.zfb.fuw.edu.pl\/index.php\/wp-json\/wp\/v2\/media?parent=279"}],"wp:term":[{"taxonomy":"category","embeddable":true,"href":"https:\/\/zfbweb.zfb.fuw.edu.pl\/index.php\/wp-json\/wp\/v2\/categories?post=279"},{"taxonomy":"post_tag","embeddable":true,"href":"https:\/\/zfbweb.zfb.fuw.edu.pl\/index.php\/wp-json\/wp\/v2\/tags?post=279"}],"curies":[{"name":"wp","href":"https:\/\/api.w.org\/{rel}","templated":true}]}}