{"id":284,"date":"2017-04-06T21:50:58","date_gmt":"2017-04-06T19:50:58","guid":{"rendered":"http:\/\/zfbweb.zfb.fuw.edu.pl\/?page_id=284"},"modified":"2025-12-17T14:59:15","modified_gmt":"2025-12-17T13:59:15","slug":"for-students-2","status":"publish","type":"page","link":"https:\/\/zfbweb.zfb.fuw.edu.pl\/index.php\/for-students-2\/","title":{"rendered":"For students (PL)"},"content":{"rendered":"<div class=\"wpb-content-wrapper\"><p>[vc_row css_animation=&#8221;fadeIn&#8221;][vc_column]<div class=\"fancy_heading fancy_heading_line\"><div class=\"fh-top\"><\/div><h2 class=\"title\">Dla student\u00f3w<\/h2><\/div>\n[vc_column_text]W Zak\u0142adzie Fizyki Biomedycznej realizowane s\u0105 trzy specjalno\u015bci: <strong><a href=\"https:\/\/zfbweb.zfb.fuw.edu.pl\/index.php\/fizyka-medyczna\/\">Fizyka medyczna<\/a><\/strong> i <strong><a href=\"https:\/\/zfbweb.zfb.fuw.edu.pl\/index.php\/neuroinformatyka\/\">Neuroinformatyka<\/a><\/strong> (w ramach kierunku Fizyka oraz Zastosowania Fizyki w Biologii i Medycynie &#8211; ZFBM oraz kierunku Fizyka) oraz <strong><a href=\"https:\/\/zfbweb.zfb.fuw.edu.pl\/index.php\/ekonofizyka\/\">Ekonofizyka<\/a><\/strong>\u00a0. Ka\u017cda ze specjalno\u015bci ma swojego opiekuna oraz dedykowany program, dzi\u0119ki kt\u00f3remu kszta\u0142ci specjalist\u00f3w ze swojej dziedziny.<\/p>\n<p>Opiekunowie studi\u00f3w I stopnia:<\/p>\n<hr \/>\n<ul>\n<li><strong>Fizyka Medyczna (ZFBM, Fizyka): <a href=\"https:\/\/zfbweb.zfb.fuw.edu.pl\/index.php\/people\/beata-brzozowska\/\">dr hab. B. Brzozowska<\/a><\/strong><\/li>\n<li><strong>Neuroinformatyka (ZFBM, Fizyka): <a href=\"https:\/\/zfbweb.zfb.fuw.edu.pl\/index.php\/people\/jaroslaw_zygierewicz\/\">dr hab. J. \u017bygierewicz<\/a><\/strong><\/li>\n<\/ul>\n<p>Opiekunowie studi\u00f3w II stopnia:<\/p>\n<hr \/>\n<ul>\n<li><strong>Ekonofizyka (Fizyka):\u00a0<a href=\"https:\/\/zfbweb.zfb.fuw.edu.pl\/index.php\/people\/tomasz_gubiec\/\">dr T. Gubiec<\/a><\/strong><\/li>\n<li><strong>Fizyka Medyczna (ZFBM, Fizyka): <a href=\"https:\/\/zfbweb.zfb.fuw.edu.pl\/index.php\/people\/beata-brzozowska\/\">dr hab. B. Brzozowska<\/a><\/strong><\/li>\n<li><strong>Neuroinformatyka (ZFBM, Fizyka): <a href=\"https:\/\/zfbweb.zfb.fuw.edu.pl\/index.php\/people\/piotr_suffczynski\/\">dr hab. P. Suffczy\u0144ski<\/a><\/strong><\/li>\n<\/ul>\n<p>Materia\u0142y dydaktyczne dla student\u00f3w I stopnia Fizyki medycznej i Neuroinformatyki na kierunku ZFBM mo\u017cna znale\u017a\u0107 tutaj: <a href=\"http:\/\/brain.fuw.edu.pl\/edu\/\">http:\/\/brain.fuw.edu.pl\/edu\/<\/a><\/p>\n<p>Informacje u\u017cyteczne, kt\u00f3re znajduj\u0105 si\u0119 na stronie g\u0142\u00f3wnej Wydzia\u0142u:<\/p>\n<ul>\n<li><a href=\"https:\/\/www.fuw.edu.pl\/organizacja-roku-2025-2026.html\">organizacja roku<\/a><\/li>\n<li><a href=\"http:\/\/www.fuw.edu.pl\/~praktyki\/\">studenckie praktyki zawodowe<\/a>.<\/li>\n<\/ul>\n<p>Szczeg\u00f3\u0142\u00f3w o praktykach mo\u017cna si\u0119 r\u00f3wnie\u017c dowiedzie\u0107 z prezentacji <a href=\"https:\/\/zfbweb.zfb.fuw.edu.pl\/wp-content\/uploads\/2017\/05\/praktyki_FUW_krok_po_kroku.pdf\">Praktyki &#8211; FUW &#8211; krok po kroku<\/a>.[\/vc_column_text][\/vc_column][\/vc_row]<\/p>\n<\/div>","protected":false},"excerpt":{"rendered":"<p>[vc_row css_animation=&#8221;fadeIn&#8221;][vc_column][vc_column_text]W Zak\u0142adzie Fizyki Biomedycznej realizowane s\u0105 trzy specjalno\u015bci: Fizyka medyczna i Neuroinformatyka (w ramach kierunku Fizyka oraz Zastosowania Fizyki w Biologii i Medycynie &#8211; ZFBM oraz kierunku Fizyka) oraz Ekonofizyka\u00a0. Ka\u017cda ze specjalno\u015bci ma swojego opiekuna oraz dedykowany program,<span class=\"excerpt-hellip\"> [\u2026]<\/span><\/p>\n","protected":false},"author":4,"featured_media":0,"parent":0,"menu_order":0,"comment_status":"closed","ping_status":"closed","template":"","meta":{"om_disable_all_campaigns":false,"_monsterinsights_skip_tracking":false,"_monsterinsights_sitenote_active":false,"_monsterinsights_sitenote_note":"","_monsterinsights_sitenote_category":0,"footnotes":""},"categories":[],"tags":[],"class_list":["post-284","page","type-page","status-publish","hentry"],"aioseo_notices":[],"_links":{"self":[{"href":"https:\/\/zfbweb.zfb.fuw.edu.pl\/index.php\/wp-json\/wp\/v2\/pages\/284","targetHints":{"allow":["GET"]}}],"collection":[{"href":"https:\/\/zfbweb.zfb.fuw.edu.pl\/index.php\/wp-json\/wp\/v2\/pages"}],"about":[{"href":"https:\/\/zfbweb.zfb.fuw.edu.pl\/index.php\/wp-json\/wp\/v2\/types\/page"}],"author":[{"embeddable":true,"href":"https:\/\/zfbweb.zfb.fuw.edu.pl\/index.php\/wp-json\/wp\/v2\/users\/4"}],"replies":[{"embeddable":true,"href":"https:\/\/zfbweb.zfb.fuw.edu.pl\/index.php\/wp-json\/wp\/v2\/comments?post=284"}],"version-history":[{"count":122,"href":"https:\/\/zfbweb.zfb.fuw.edu.pl\/index.php\/wp-json\/wp\/v2\/pages\/284\/revisions"}],"predecessor-version":[{"id":3251,"href":"https:\/\/zfbweb.zfb.fuw.edu.pl\/index.php\/wp-json\/wp\/v2\/pages\/284\/revisions\/3251"}],"wp:attachment":[{"href":"https:\/\/zfbweb.zfb.fuw.edu.pl\/index.php\/wp-json\/wp\/v2\/media?parent=284"}],"wp:term":[{"taxonomy":"category","embeddable":true,"href":"https:\/\/zfbweb.zfb.fuw.edu.pl\/index.php\/wp-json\/wp\/v2\/categories?post=284"},{"taxonomy":"post_tag","embeddable":true,"href":"https:\/\/zfbweb.zfb.fuw.edu.pl\/index.php\/wp-json\/wp\/v2\/tags?post=284"}],"curies":[{"name":"wp","href":"https:\/\/api.w.org\/{rel}","templated":true}]}}