{"id":3239,"date":"2025-12-17T14:23:09","date_gmt":"2025-12-17T13:23:09","guid":{"rendered":"https:\/\/zfbweb.zfb.fuw.edu.pl\/?page_id=3239"},"modified":"2025-12-17T15:22:28","modified_gmt":"2025-12-17T14:22:28","slug":"fizyka-medyczna","status":"publish","type":"page","link":"https:\/\/zfbweb.zfb.fuw.edu.pl\/index.php\/fizyka-medyczna\/","title":{"rendered":"Fizyka medyczna"},"content":{"rendered":"<div class=\"wpb-content-wrapper\"><p>[vc_row css_animation=&#8221;fadeIn&#8221;][vc_column]<div class=\"promo_box no_border\"><div class=\"promo_box_wrapper promo_box_left\"><div class=\"photo_wrapper\"><img loading=\"lazy\" decoding=\"async\" class=\"scale-with-grid\" src=\"https:\/\/zfbweb.zfb.fuw.edu.pl\/wp-content\/uploads\/2025\/12\/atom-laboratory-science-icon.png\" alt=\"atom-laboratory-science-icon\" width=\"512\" height=\"512\"\/><\/div><div class=\"desc_wrapper\"><div class=\"desc\"><\/p>\n<h1>Fizyka medyczna<\/h1>\n<h6>Opiekun specjalno\u015bci (I stopie\u0144, II stopie\u0144, ZFBM): <a href=\"https:\/\/zfbweb.zfb.fuw.edu.pl\/index.php\/people\/beata-brzozowska\/\"><b>dr hab. B. Brzozowska<\/b><\/a><\/h6>\n<p>Na pierwszym stopniu studi\u00f3w fizyki medycznej poza wiedz\u0105 og\u00f3ln\u0105 z fizyki, matematyki i informatyki, studenci zdobywaj\u0105 wiedz\u0119 specjalistyczn\u0105 z zakresu: promieniowania jonizuj\u0105cego i ochrony radiologicznej, diagnostyki obrazowej oraz analizy sygna\u0142\u00f3w bioelektrycznych. Nawi\u0105zuj\u0105 te\u017c kontakty z innymi instytucjami zajmuj\u0105cymi si\u0119 t\u0105 tematyk\u0105, w kt\u00f3rych mog\u0105 pisa\u0107 prace licencjackie, odby\u0107 praktyki zawodowe, a w przysz\u0142o\u015bci by\u0107 mo\u017ce znale\u017a\u0107 prac\u0119.<\/p>\n<p>W ramach drugiego stopnia studi\u00f3w fizyki medycznej studenci pog\u0142\u0119biaj\u0105 znajomo\u015b\u0107 fizyki i informatyki. Zdobywaj\u0105 te\u017c wiedz\u0119 teoretyczn\u0105 i praktyczn\u0105 odno\u015bnie radioterapii, kt\u00f3r\u0105 niekt\u00f3rzy z nich b\u0119d\u0105 si\u0119 zajmowa\u0107 zawodowo pracuj\u0105c jako fizyk medyczny w szpitalu onkologicznym.<\/p>\n<p>Praca naukowa z dziedziny fizyki medycznej w naszym zak\u0142adzie obejmuje dwa g\u0142\u00f3wne nurty. Pierwszym z nich s\u0105 zagadnienia radiobiologiczne dotycz\u0105ce reakcji kom\u00f3rek rakowych na promieniowanie X, alfa i wi\u0105zki mieszane. Prace te prowadzone s\u0105 we wsp\u00f3\u0142pracy z uniwersytetem w Sztokholmie. Drugim zagadnieniem jest analiza obraz\u00f3w medycznych pod k\u0105tem ich klasyfikacji za pomoc\u0105 g\u0142\u0119bokich sieci neuronowych; jest to kierunek od niedawna rozwijany r\u00f3wnie\u017c w naszym Zak\u0142adzie.<\/p>\n<p>Cz\u0119\u015b\u0107 naszych absolwent\u00f3w rozpocz\u0119\u0142o te\u017c prac\u0119 naukow\u0105 w innych zak\u0142adach Uniwersytetu Warszawskiego, np. w ramach studi\u00f3w doktoranckich w Zak\u0142adzie J\u0105dra Atomowego, utrzymuj\u0105c jednak nadal z Zak\u0142adem Fizyki Biomedycznej blisk\u0105 wsp\u00f3\u0142prac\u0119.<\/p>\n<p>Fizyka medyczna to kierunek wiedzy stosowanej, interesuj\u0105cy z punktu widzenia rozwoju najnowocze\u015bniejszych technik leczenia, jednocze\u015bnie uwra\u017cliwiaj\u0105cy na potrzeby innych ludzi, zw\u0142aszcza chorych, rozwijaj\u0105cy zaanga\u017cowanie spo\u0142eczne i empati\u0119. Masz talent do nauk \u015bcis\u0142ych po\u0142\u0105czony z wra\u017cliwo\u015bci\u0105 humanisty? To kierunek dla Ciebie.<\/div><\/div><\/div><\/div>\n<div class=\"infobox\" ><h3>Przyk\u0142adowe kierunki badawcze:<\/h3><div class=\"infobox_wrapper\"><span class=\"ib-desc\"><\/p>\n<ul>\n<li>Zastosowanie g\u0142\u0119bokich konwolucyjnych sieci neuronowych (CNN) do klasyfikacji obraz\u00f3w medycznych<\/li>\n<li>Modelowanie Monte Carlo odpowiedzi kom\u00f3rki na uszkodzenia DNA pod wp\u0142ywem wi\u0105zek mieszanych<\/li>\n<li>Kontrola jako\u015bci radiofarmaceutyk\u00f3w (<a href=\"https:\/\/zfbweb.zfb.fuw.edu.pl\/wp-content\/uploads\/2021\/10\/ZPS_radiofarmaceutyki.pdf\">ZPS<\/a>)<\/li>\n<\/ul>\n<p><\/span><\/div><\/div>\n<div class=\"list_item lists_1 clearfix\"><a href=\"http:\/\/knfm.fuw.edu.pl\/index.html\" target=\"_blank\"><div class=\"list_left list_icon\"><i class=\"icon-thumbs-up-line\" aria-hidden=\"true\"><\/i><\/div><div class=\"list_right\"><h4 class=\"title\">Ko\u0142o Naukowe Fizyki Medycznej<\/h4><div class=\"desc\"><\/div><\/div><\/a><\/div>\n<div class=\"list_item lists_1 clearfix\"><a href=\"http:\/\/wmpm.fuw.edu.pl\" target=\"_blank\"><div class=\"list_left list_icon\"><i class=\"icon-vcard\" aria-hidden=\"true\"><\/i><\/div><div class=\"list_right\"><h4 class=\"title\">Warsaw Medical Physics Meeting<\/h4><div class=\"desc\"><\/div><\/div><\/a><\/div>\n[vc_column_text][\/vc_column_text][\/vc_column][\/vc_row]<\/p>\n<\/div>","protected":false},"excerpt":{"rendered":"<p>[vc_row css_animation=&#8221;fadeIn&#8221;][vc_column][vc_column_text][\/vc_column_text][\/vc_column][\/vc_row]<\/p>\n","protected":false},"author":15,"featured_media":0,"parent":0,"menu_order":0,"comment_status":"closed","ping_status":"closed","template":"","meta":{"om_disable_all_campaigns":false,"_monsterinsights_skip_tracking":false,"_monsterinsights_sitenote_active":false,"_monsterinsights_sitenote_note":"","_monsterinsights_sitenote_category":0,"footnotes":""},"categories":[],"tags":[],"class_list":["post-3239","page","type-page","status-publish","hentry"],"aioseo_notices":[],"_links":{"self":[{"href":"https:\/\/zfbweb.zfb.fuw.edu.pl\/index.php\/wp-json\/wp\/v2\/pages\/3239","targetHints":{"allow":["GET"]}}],"collection":[{"href":"https:\/\/zfbweb.zfb.fuw.edu.pl\/index.php\/wp-json\/wp\/v2\/pages"}],"about":[{"href":"https:\/\/zfbweb.zfb.fuw.edu.pl\/index.php\/wp-json\/wp\/v2\/types\/page"}],"author":[{"embeddable":true,"href":"https:\/\/zfbweb.zfb.fuw.edu.pl\/index.php\/wp-json\/wp\/v2\/users\/15"}],"replies":[{"embeddable":true,"href":"https:\/\/zfbweb.zfb.fuw.edu.pl\/index.php\/wp-json\/wp\/v2\/comments?post=3239"}],"version-history":[{"count":3,"href":"https:\/\/zfbweb.zfb.fuw.edu.pl\/index.php\/wp-json\/wp\/v2\/pages\/3239\/revisions"}],"predecessor-version":[{"id":3254,"href":"https:\/\/zfbweb.zfb.fuw.edu.pl\/index.php\/wp-json\/wp\/v2\/pages\/3239\/revisions\/3254"}],"wp:attachment":[{"href":"https:\/\/zfbweb.zfb.fuw.edu.pl\/index.php\/wp-json\/wp\/v2\/media?parent=3239"}],"wp:term":[{"taxonomy":"category","embeddable":true,"href":"https:\/\/zfbweb.zfb.fuw.edu.pl\/index.php\/wp-json\/wp\/v2\/categories?post=3239"},{"taxonomy":"post_tag","embeddable":true,"href":"https:\/\/zfbweb.zfb.fuw.edu.pl\/index.php\/wp-json\/wp\/v2\/tags?post=3239"}],"curies":[{"name":"wp","href":"https:\/\/api.w.org\/{rel}","templated":true}]}}